{"id":249,"date":"2022-10-27T10:59:44","date_gmt":"2022-10-27T08:59:44","guid":{"rendered":"https:\/\/www.rim-macho.com\/ueber-uns\/"},"modified":"2022-10-28T16:04:54","modified_gmt":"2022-10-28T14:04:54","slug":"about-us","status":"publish","type":"page","link":"https:\/\/www.rim-macho.com\/en\/about-us\/","title":{"rendered":"About us"},"content":{"rendered":"<p>[et_pb_section fb_built=&#8221;1&#8243; custom_padding_last_edited=&#8221;on|phone&#8221; _builder_version=&#8221;4.18.0&#8243; _module_preset=&#8221;default&#8221; background_color=&#8221;#eaeaea&#8221; background_enable_image=&#8221;off&#8221; width=&#8221;100%&#8221; min_height=&#8221;100px&#8221; custom_margin=&#8221;||-200px||false|false&#8221; custom_padding=&#8221;0vh||0vh||true|false&#8221; custom_padding_tablet=&#8221;20vh||20vh||true|false&#8221; custom_padding_phone=&#8221;5vh||5vh||false|false&#8221; global_colors_info=&#8221;{}&#8221;][et_pb_row _builder_version=&#8221;4.18.0&#8243; _module_preset=&#8221;default&#8221; global_colors_info=&#8221;{}&#8221;][et_pb_column type=&#8221;4_4&#8243; _builder_version=&#8221;4.18.0&#8243; _module_preset=&#8221;default&#8221; global_colors_info=&#8221;{}&#8221;][et_pb_blurb title=&#8221;About us&#8221; image=&#8221;https:\/\/www.rim-macho.com\/wp-content\/uploads\/2022\/10\/headline.png&#8221; icon_placement=&#8221;left&#8221; image_icon_width=&#8221;100px&#8221; content_max_width=&#8221;100%&#8221; image_icon_width_tablet=&#8221;55px&#8221; image_icon_width_phone=&#8221;35px&#8221; image_icon_width_last_edited=&#8221;on|phone&#8221; _builder_version=&#8221;4.18.0&#8243; _module_preset=&#8221;default&#8221; header_level=&#8221;h1&#8243; header_text_align=&#8221;left&#8221; header_font_size=&#8221;60px&#8221; header_line_height=&#8221;1.1em&#8221; module_alignment=&#8221;center&#8221; hover_enabled=&#8221;0&#8243; header_font_size_tablet=&#8221;40px&#8221; header_font_size_phone=&#8221;25px&#8221; header_font_size_last_edited=&#8221;on|desktop&#8221; global_colors_info=&#8221;{}&#8221; sticky_enabled=&#8221;0&#8243;][\/et_pb_blurb][\/et_pb_column][\/et_pb_row][\/et_pb_section][et_pb_section fb_built=&#8221;1&#8243; _builder_version=&#8221;4.18.0&#8243; background_color=&#8221;#f7f7f7&#8243; min_height=&#8221;516.6px&#8221; custom_margin=&#8221;200px||||false|false&#8221; custom_padding=&#8221;0px||||false|false&#8221; global_colors_info=&#8221;{}&#8221;][et_pb_row column_structure=&#8221;1_4,3_4&#8243; _builder_version=&#8221;4.18.0&#8243; background_color=&#8221;#FFFFFF&#8221; background_size=&#8221;initial&#8221; background_position=&#8221;top_left&#8221; background_repeat=&#8221;repeat&#8221; width=&#8221;85.9%&#8221; custom_margin=&#8221;-10px||||false|false&#8221; custom_padding=&#8221;100px||100px|20px|true|false&#8221; global_colors_info=&#8221;{}&#8221;][et_pb_column type=&#8221;1_4&#8243; _builder_version=&#8221;4.16&#8243; custom_padding=&#8221;|||&#8221; global_colors_info=&#8221;{}&#8221; custom_padding__hover=&#8221;|||&#8221;][et_pb_image src=&#8221;https:\/\/www.rim-macho.com\/wp-content\/uploads\/2022\/10\/silvester-macho.jpg&#8221; alt=&#8221;silvester-macho&#8221; title_text=&#8221;silvester-macho&#8221; _builder_version=&#8221;4.18.0&#8243; _module_preset=&#8221;default&#8221; max_height=&#8221;388px&#8221; global_colors_info=&#8221;{}&#8221;][\/et_pb_image][et_pb_text _builder_version=&#8221;4.18.0&#8243; _module_preset=&#8221;default&#8221; global_colors_info=&#8221;{}&#8221;]Silvester Macho[\/et_pb_text][\/et_pb_column][et_pb_column type=&#8221;3_4&#8243; _builder_version=&#8221;4.16&#8243; custom_padding=&#8221;|||&#8221; global_colors_info=&#8221;{}&#8221; custom_padding__hover=&#8221;|||&#8221;][et_pb_text _builder_version=&#8221;4.18.0&#8243; _module_preset=&#8221;default&#8221; width=&#8221;100%&#8221; max_width=&#8221;100%&#8221; custom_margin=&#8221;|-69px||0px||&#8221; custom_padding=&#8221;|10px||||&#8221; hover_enabled=&#8221;0&#8243; global_colors_info=&#8221;{}&#8221; sticky_enabled=&#8221;0&#8243;]As a CIO and managing director of an international IT system house with more than 2,000 employees \u2013 responsible for IT strategy and processes, software development, architecture \u2013 he has offered strategies, solutions and services for the different formats of the retail group for many years.<\/p>\n<p>Responsible for all IT services, he has managed the company\u2019s commercial and personnel needs and has led major in-\/outsourcing and transformation programmes.<\/p>\n<p>During his 29 years in the IT business, he has played active and responsible roles in many international initiatives.<\/p>\n<p>He has developed concepts and strategies for the introduction of new technologies, innovations and digitisation projects as an internal consultant and has subsequently implemented them as project manager.<\/p>\n<p>As a member of international supervisory boards and committees or as a speaker\/moderator, he shares his experiences from the worlds of technology, innovation and business.[\/et_pb_text][\/et_pb_column][\/et_pb_row][\/et_pb_section]<\/p>\n","protected":false},"excerpt":{"rendered":"<p>Silvester MachoAs a CIO and managing director of an international IT system house with more than 2,000 employees \u2013 responsible for IT strategy and processes, software development, architecture \u2013 he has offered strategies, solutions and services for the different formats of the retail group for many years. Responsible for all IT services, he has managed [&hellip;]<\/p>\n","protected":false},"author":1,"featured_media":199,"parent":0,"menu_order":0,"comment_status":"closed","ping_status":"closed","template":"","meta":{"_et_pb_use_builder":"on","_et_pb_old_content":"[et_pb_section fb_built=\"1\" custom_padding_last_edited=\"on|phone\" _builder_version=\"4.18.0\" _module_preset=\"default\" background_image=\"https:\/\/www.rim-macho.com\/wp-content\/uploads\/2022\/10\/bg_home.jpg\" custom_padding=\"20vh||20vh||true|false\" custom_padding_tablet=\"20vh||20vh||true|false\" custom_padding_phone=\"15vh||15vh||false|false\" global_colors_info=\"{}\"][et_pb_row _builder_version=\"4.18.0\" _module_preset=\"default\" global_colors_info=\"{}\"][et_pb_column type=\"4_4\" _builder_version=\"4.18.0\" _module_preset=\"default\" global_colors_info=\"{}\"][et_pb_blurb title=\"Retail IT Management\" image=\"https:\/\/www.rim-macho.com\/wp-content\/uploads\/2022\/10\/headline.png\" icon_placement=\"left\" image_icon_width=\"100px\" content_max_width=\"100%\" image_icon_width_tablet=\"55px\" image_icon_width_phone=\"35px\" image_icon_width_last_edited=\"on|phone\" _builder_version=\"4.18.0\" _module_preset=\"default\" header_level=\"h1\" header_text_align=\"left\" header_font_size=\"60px\" header_line_height=\"1.1em\" module_alignment=\"center\" header_font_size_tablet=\"40px\" header_font_size_phone=\"25px\" header_font_size_last_edited=\"on|desktop\" global_colors_info=\"{}\"][\/et_pb_blurb][\/et_pb_column][\/et_pb_row][\/et_pb_section][et_pb_section fb_built=\"1\" _builder_version=\"4.16\" global_colors_info=\"{}\"][et_pb_row _builder_version=\"4.16\" background_size=\"initial\" background_position=\"top_left\" background_repeat=\"repeat\" global_colors_info=\"{}\"][et_pb_column type=\"4_4\" _builder_version=\"4.16\" custom_padding=\"|||\" global_colors_info=\"{}\" custom_padding__hover=\"|||\"][et_pb_text _builder_version=\"4.18.0\" background_size=\"initial\" background_position=\"top_left\" background_repeat=\"repeat\" text_orientation=\"center\" global_colors_info=\"{}\"]\n<h2>IT-Strategien f\u00fcr ihr Unternehmen<\/h2>\n[\/et_pb_text][\/et_pb_column][\/et_pb_row][et_pb_row column_structure=\"1_2,1_2\" _builder_version=\"4.18.0\" background_size=\"initial\" background_position=\"top_left\" background_repeat=\"repeat\" global_colors_info=\"{}\"][et_pb_column type=\"1_2\" _builder_version=\"4.16\" custom_padding=\"|||\" global_colors_info=\"{}\" custom_padding__hover=\"|||\"][et_pb_text _builder_version=\"4.18.0\" background_size=\"initial\" background_position=\"top_left\" background_repeat=\"repeat\" global_colors_info=\"{}\"]Der Handel im Wandel! Gesellschaftliche Ver\u00e4nderungen und technische Innovationen fordern den Handel immer st\u00e4rker heraus.\n\nDie Digitalisierung der vergangenen Jahre f\u00fchrt dazu, dass der Handel einen grundlegenden strukturellen Ver\u00e4nderungsprozess durchl\u00e4uft . Alle Gesch\u00e4ftsbereiche sind betroffen wie auch die Beziehungen zu Lieferanten und Kunden.\n\nNur umfassende, integrierte IT-L\u00f6sungen garantieren, dass sie f\u00fcr die Zukunft ger\u00fcstet sind.[\/et_pb_text][\/et_pb_column][et_pb_column type=\"1_2\" _builder_version=\"4.16\" custom_padding=\"|||\" global_colors_info=\"{}\" custom_padding__hover=\"|||\"][et_pb_text _builder_version=\"4.18.0\" _module_preset=\"default\" global_colors_info=\"{}\"]Die digitale Transformation stellt die Unternehmen vor neue Herausforderungen. Mit herk\u00f6mmlichen \u201eWasserfall\u201c-Ans\u00e4tzen im Projektmanagement, starren Prozessen und Hierarchien sind diese nicht zu meistern.\n\nAgile Entwicklung, Speed- und Marathon-IT, Digital Labs \u2013 diese Aspekte sind in der Erneuerung der internen IT-Organisation zu ber\u00fccksichtigen.\n\nMitarbeiter und F\u00fchrungskr\u00e4fte m\u00fcssen auf die Digitalisierung vorbereitet werden (Change Management und Personalentwicklung).[\/et_pb_text][\/et_pb_column][\/et_pb_row][et_pb_row column_structure=\"1_4,1_4,1_4,1_4\" _builder_version=\"4.18.0\" _module_preset=\"default\" global_colors_info=\"{}\"][et_pb_column type=\"1_4\" _builder_version=\"4.18.0\" _module_preset=\"default\" background_color=\"#f7f7f7\" custom_padding=\"30px|30px|30px|30px|true|true\" global_colors_info=\"{}\"][et_pb_blurb title=\"Gesch\u00e4ftsprozesse\" use_icon=\"on\" font_icon=\"}||divi||400\" _builder_version=\"4.18.0\" _module_preset=\"default\" header_level=\"h3\" header_text_align=\"center\" hover_enabled=\"0\" global_colors_info=\"{}\" image_icon_width=\"55px\" sticky_enabled=\"0\"][\/et_pb_blurb][\/et_pb_column][et_pb_column type=\"1_4\" _builder_version=\"4.18.0\" _module_preset=\"default\" background_color=\"#f7f7f7\" custom_padding=\"30px|30px|30px|30px|true|true\" global_colors_info=\"{}\"][et_pb_blurb title=\"Neue Technologien\" use_icon=\"on\" font_icon=\"\ue004||divi||400\" _builder_version=\"4.18.0\" _module_preset=\"default\" header_level=\"h3\" header_text_align=\"center\" hover_enabled=\"0\" global_colors_info=\"{}\" sticky_enabled=\"0\" image_icon_width=\"55px\"][\/et_pb_blurb][\/et_pb_column][et_pb_column type=\"1_4\" _builder_version=\"4.18.0\" _module_preset=\"default\" background_color=\"#f7f7f7\" custom_padding=\"30px|30px|30px|30px|true|true\" global_colors_info=\"{}\"][et_pb_blurb title=\"IT-Organisation\" use_icon=\"on\" font_icon=\"\ue109||divi||400\" _builder_version=\"4.18.0\" _module_preset=\"default\" header_level=\"h3\" header_text_align=\"center\" hover_enabled=\"0\" global_colors_info=\"{}\" sticky_enabled=\"0\" image_icon_width=\"55px\"][\/et_pb_blurb][\/et_pb_column][et_pb_column type=\"1_4\" _builder_version=\"4.18.0\" _module_preset=\"default\" background_color=\"#f7f7f7\" custom_padding=\"30px|30px|30px|30px|true|true\" global_colors_info=\"{}\"][et_pb_blurb title=\"Coaching\" use_icon=\"on\" font_icon=\"\ue0e9||divi||400\" _builder_version=\"4.18.0\" _module_preset=\"default\" header_level=\"h3\" header_text_align=\"center\" hover_enabled=\"0\" global_colors_info=\"{}\" sticky_enabled=\"0\" image_icon_width=\"55px\"][\/et_pb_blurb][\/et_pb_column][\/et_pb_row][\/et_pb_section]","_et_gb_content_width":"","footnotes":""},"class_list":["post-249","page","type-page","status-publish","has-post-thumbnail","hentry"],"yoast_head":"<!-- This site is optimized with the Yoast SEO plugin v27.4 - https:\/\/yoast.com\/product\/yoast-seo-wordpress\/ -->\n<title>About us - RIM Macho<\/title>\n<meta name=\"description\" content=\"As a CIO and managing director of an international IT system house with more than 2,000 employees \u2013 responsible for IT strategy and ...\" \/>\n<meta name=\"robots\" content=\"index, follow, max-snippet:-1, max-image-preview:large, max-video-preview:-1\" \/>\n<link rel=\"canonical\" href=\"https:\/\/www.rim-macho.com\/en\/about-us\/\" \/>\n<meta property=\"og:locale\" content=\"en_US\" \/>\n<meta property=\"og:type\" content=\"article\" \/>\n<meta property=\"og:title\" content=\"About us - RIM Macho\" \/>\n<meta property=\"og:description\" content=\"As a CIO and managing director of an international IT system house with more than 2,000 employees \u2013 responsible for IT strategy and ...\" \/>\n<meta property=\"og:url\" content=\"https:\/\/www.rim-macho.com\/en\/about-us\/\" \/>\n<meta property=\"og:site_name\" content=\"RIM Macho\" \/>\n<meta property=\"article:modified_time\" content=\"2022-10-28T14:04:54+00:00\" \/>\n<meta property=\"og:image\" content=\"https:\/\/www.rim-macho.com\/wp-content\/uploads\/2022\/10\/silvester-macho.jpg\" \/>\n\t<meta property=\"og:image:width\" content=\"508\" \/>\n\t<meta property=\"og:image:height\" content=\"644\" \/>\n\t<meta property=\"og:image:type\" content=\"image\/jpeg\" \/>\n<meta name=\"twitter:card\" content=\"summary_large_image\" \/>\n<meta name=\"twitter:label1\" content=\"Est. reading time\" \/>\n\t<meta name=\"twitter:data1\" content=\"2 minutes\" \/>\n<script type=\"application\/ld+json\" class=\"yoast-schema-graph\">{\"@context\":\"https:\\\/\\\/schema.org\",\"@graph\":[{\"@type\":\"WebPage\",\"@id\":\"https:\\\/\\\/www.rim-macho.com\\\/en\\\/about-us\\\/\",\"url\":\"https:\\\/\\\/www.rim-macho.com\\\/en\\\/about-us\\\/\",\"name\":\"About us - RIM Macho\",\"isPartOf\":{\"@id\":\"https:\\\/\\\/www.rim-macho.com\\\/#website\"},\"primaryImageOfPage\":{\"@id\":\"https:\\\/\\\/www.rim-macho.com\\\/en\\\/about-us\\\/#primaryimage\"},\"image\":{\"@id\":\"https:\\\/\\\/www.rim-macho.com\\\/en\\\/about-us\\\/#primaryimage\"},\"thumbnailUrl\":\"https:\\\/\\\/www.rim-macho.com\\\/wp-content\\\/uploads\\\/2022\\\/10\\\/silvester-macho.jpg\",\"datePublished\":\"2022-10-27T08:59:44+00:00\",\"dateModified\":\"2022-10-28T14:04:54+00:00\",\"description\":\"As a CIO and managing director of an international IT system house with more than 2,000 employees \u2013 responsible for IT strategy and ...\",\"breadcrumb\":{\"@id\":\"https:\\\/\\\/www.rim-macho.com\\\/en\\\/about-us\\\/#breadcrumb\"},\"inLanguage\":\"en-US\",\"potentialAction\":[{\"@type\":\"ReadAction\",\"target\":[\"https:\\\/\\\/www.rim-macho.com\\\/en\\\/about-us\\\/\"]}]},{\"@type\":\"ImageObject\",\"inLanguage\":\"en-US\",\"@id\":\"https:\\\/\\\/www.rim-macho.com\\\/en\\\/about-us\\\/#primaryimage\",\"url\":\"https:\\\/\\\/www.rim-macho.com\\\/wp-content\\\/uploads\\\/2022\\\/10\\\/silvester-macho.jpg\",\"contentUrl\":\"https:\\\/\\\/www.rim-macho.com\\\/wp-content\\\/uploads\\\/2022\\\/10\\\/silvester-macho.jpg\",\"width\":508,\"height\":644},{\"@type\":\"BreadcrumbList\",\"@id\":\"https:\\\/\\\/www.rim-macho.com\\\/en\\\/about-us\\\/#breadcrumb\",\"itemListElement\":[{\"@type\":\"ListItem\",\"position\":1,\"name\":\"Startseite\",\"item\":\"https:\\\/\\\/www.rim-macho.com\\\/en\\\/\"},{\"@type\":\"ListItem\",\"position\":2,\"name\":\"About us\"}]},{\"@type\":\"WebSite\",\"@id\":\"https:\\\/\\\/www.rim-macho.com\\\/#website\",\"url\":\"https:\\\/\\\/www.rim-macho.com\\\/\",\"name\":\"RIM Macho\",\"description\":\"IT-Strategien f\u00fcr ihr Unternehmen\",\"potentialAction\":[{\"@type\":\"SearchAction\",\"target\":{\"@type\":\"EntryPoint\",\"urlTemplate\":\"https:\\\/\\\/www.rim-macho.com\\\/?s={search_term_string}\"},\"query-input\":{\"@type\":\"PropertyValueSpecification\",\"valueRequired\":true,\"valueName\":\"search_term_string\"}}],\"inLanguage\":\"en-US\"}]}<\/script>\n<!-- \/ Yoast SEO plugin. -->","yoast_head_json":{"title":"About us - RIM Macho","description":"As a CIO and managing director of an international IT system house with more than 2,000 employees \u2013 responsible for IT strategy and ...","robots":{"index":"index","follow":"follow","max-snippet":"max-snippet:-1","max-image-preview":"max-image-preview:large","max-video-preview":"max-video-preview:-1"},"canonical":"https:\/\/www.rim-macho.com\/en\/about-us\/","og_locale":"en_US","og_type":"article","og_title":"About us - RIM Macho","og_description":"As a CIO and managing director of an international IT system house with more than 2,000 employees \u2013 responsible for IT strategy and ...","og_url":"https:\/\/www.rim-macho.com\/en\/about-us\/","og_site_name":"RIM Macho","article_modified_time":"2022-10-28T14:04:54+00:00","og_image":[{"width":508,"height":644,"url":"https:\/\/www.rim-macho.com\/wp-content\/uploads\/2022\/10\/silvester-macho.jpg","type":"image\/jpeg"}],"twitter_card":"summary_large_image","twitter_misc":{"Est. reading time":"2 minutes"},"schema":{"@context":"https:\/\/schema.org","@graph":[{"@type":"WebPage","@id":"https:\/\/www.rim-macho.com\/en\/about-us\/","url":"https:\/\/www.rim-macho.com\/en\/about-us\/","name":"About us - RIM Macho","isPartOf":{"@id":"https:\/\/www.rim-macho.com\/#website"},"primaryImageOfPage":{"@id":"https:\/\/www.rim-macho.com\/en\/about-us\/#primaryimage"},"image":{"@id":"https:\/\/www.rim-macho.com\/en\/about-us\/#primaryimage"},"thumbnailUrl":"https:\/\/www.rim-macho.com\/wp-content\/uploads\/2022\/10\/silvester-macho.jpg","datePublished":"2022-10-27T08:59:44+00:00","dateModified":"2022-10-28T14:04:54+00:00","description":"As a CIO and managing director of an international IT system house with more than 2,000 employees \u2013 responsible for IT strategy and ...","breadcrumb":{"@id":"https:\/\/www.rim-macho.com\/en\/about-us\/#breadcrumb"},"inLanguage":"en-US","potentialAction":[{"@type":"ReadAction","target":["https:\/\/www.rim-macho.com\/en\/about-us\/"]}]},{"@type":"ImageObject","inLanguage":"en-US","@id":"https:\/\/www.rim-macho.com\/en\/about-us\/#primaryimage","url":"https:\/\/www.rim-macho.com\/wp-content\/uploads\/2022\/10\/silvester-macho.jpg","contentUrl":"https:\/\/www.rim-macho.com\/wp-content\/uploads\/2022\/10\/silvester-macho.jpg","width":508,"height":644},{"@type":"BreadcrumbList","@id":"https:\/\/www.rim-macho.com\/en\/about-us\/#breadcrumb","itemListElement":[{"@type":"ListItem","position":1,"name":"Startseite","item":"https:\/\/www.rim-macho.com\/en\/"},{"@type":"ListItem","position":2,"name":"About us"}]},{"@type":"WebSite","@id":"https:\/\/www.rim-macho.com\/#website","url":"https:\/\/www.rim-macho.com\/","name":"RIM Macho","description":"IT-Strategien f\u00fcr ihr Unternehmen","potentialAction":[{"@type":"SearchAction","target":{"@type":"EntryPoint","urlTemplate":"https:\/\/www.rim-macho.com\/?s={search_term_string}"},"query-input":{"@type":"PropertyValueSpecification","valueRequired":true,"valueName":"search_term_string"}}],"inLanguage":"en-US"}]}},"_links":{"self":[{"href":"https:\/\/www.rim-macho.com\/en\/wp-json\/wp\/v2\/pages\/249","targetHints":{"allow":["GET"]}}],"collection":[{"href":"https:\/\/www.rim-macho.com\/en\/wp-json\/wp\/v2\/pages"}],"about":[{"href":"https:\/\/www.rim-macho.com\/en\/wp-json\/wp\/v2\/types\/page"}],"author":[{"embeddable":true,"href":"https:\/\/www.rim-macho.com\/en\/wp-json\/wp\/v2\/users\/1"}],"replies":[{"embeddable":true,"href":"https:\/\/www.rim-macho.com\/en\/wp-json\/wp\/v2\/comments?post=249"}],"version-history":[{"count":7,"href":"https:\/\/www.rim-macho.com\/en\/wp-json\/wp\/v2\/pages\/249\/revisions"}],"predecessor-version":[{"id":421,"href":"https:\/\/www.rim-macho.com\/en\/wp-json\/wp\/v2\/pages\/249\/revisions\/421"}],"wp:featuredmedia":[{"embeddable":true,"href":"https:\/\/www.rim-macho.com\/en\/wp-json\/wp\/v2\/media\/199"}],"wp:attachment":[{"href":"https:\/\/www.rim-macho.com\/en\/wp-json\/wp\/v2\/media?parent=249"}],"curies":[{"name":"wp","href":"https:\/\/api.w.org\/{rel}","templated":true}]}}