{"id":225,"date":"2022-10-27T10:24:42","date_gmt":"2022-10-27T08:24:42","guid":{"rendered":"https:\/\/www.rim-macho.com\/it-organisation\/"},"modified":"2022-10-28T16:09:59","modified_gmt":"2022-10-28T14:09:59","slug":"it-organisations","status":"publish","type":"page","link":"https:\/\/www.rim-macho.com\/en\/it-organisations\/","title":{"rendered":"IT- organisations"},"content":{"rendered":"<p>[et_pb_section fb_built=&#8221;1&#8243; custom_padding_last_edited=&#8221;on|phone&#8221; _builder_version=&#8221;4.18.0&#8243; _module_preset=&#8221;default&#8221; background_image=&#8221;https:\/\/www.rim-macho.com\/wp-content\/uploads\/2022\/10\/organisation.jpg&#8221; custom_padding=&#8221;20vh||20vh||true|false&#8221; custom_padding_tablet=&#8221;&#8221; custom_padding_phone=&#8221;15vh||15vh||false|false&#8221; global_colors_info=&#8221;{}&#8221;][et_pb_row _builder_version=&#8221;4.18.0&#8243; _module_preset=&#8221;default&#8221; global_colors_info=&#8221;{}&#8221;][et_pb_column type=&#8221;4_4&#8243; _builder_version=&#8221;4.18.0&#8243; _module_preset=&#8221;default&#8221; global_colors_info=&#8221;{}&#8221;][et_pb_blurb title=&#8221;IT organisations&#8221; image=&#8221;https:\/\/www.rim-macho.com\/wp-content\/uploads\/2022\/10\/headline.png&#8221; icon_placement=&#8221;left&#8221; image_icon_width=&#8221;100px&#8221; content_max_width=&#8221;100%&#8221; image_icon_width_tablet=&#8221;55px&#8221; image_icon_width_phone=&#8221;35px&#8221; image_icon_width_last_edited=&#8221;on|phone&#8221; _builder_version=&#8221;4.18.0&#8243; _module_preset=&#8221;default&#8221; header_level=&#8221;h1&#8243; header_text_align=&#8221;left&#8221; header_font_size=&#8221;60px&#8221; header_line_height=&#8221;1.1em&#8221; module_alignment=&#8221;center&#8221; hover_enabled=&#8221;0&#8243; header_font_size_tablet=&#8221;40px&#8221; header_font_size_phone=&#8221;25px&#8221; header_font_size_last_edited=&#8221;on|desktop&#8221; global_colors_info=&#8221;{}&#8221; sticky_enabled=&#8221;0&#8243;][\/et_pb_blurb][\/et_pb_column][\/et_pb_row][\/et_pb_section][et_pb_section fb_built=&#8221;1&#8243; _builder_version=&#8221;4.18.0&#8243; background_color=&#8221;#f7f7f7&#8243; custom_padding=&#8221;0px||||false|false&#8221; global_colors_info=&#8221;{}&#8221;][et_pb_row _builder_version=&#8221;4.18.0&#8243; background_color=&#8221;#FFFFFF&#8221; background_size=&#8221;initial&#8221; background_position=&#8221;top_left&#8221; background_repeat=&#8221;repeat&#8221; custom_padding=&#8221;|30px||30px|false|true&#8221; global_colors_info=&#8221;{}&#8221;][et_pb_column type=&#8221;4_4&#8243; _builder_version=&#8221;4.16&#8243; custom_padding=&#8221;|||&#8221; global_colors_info=&#8221;{}&#8221; custom_padding__hover=&#8221;|||&#8221;][et_pb_text _builder_version=&#8221;4.18.0&#8243; background_size=&#8221;initial&#8221; background_position=&#8221;top_left&#8221; background_repeat=&#8221;repeat&#8221; hover_enabled=&#8221;0&#8243; global_colors_info=&#8221;{}&#8221; sticky_enabled=&#8221;0&#8243;]Digital change brings new challenges to companies and their IT systems. However, these challenges cannot be mastered with conventional waterfall methods of project management, rigid processes and hierarchies. Agile development, speed and marathon IT, digital labs: amid all these buzzwords, it is not easy to spot a clear path to follow in restructuring an internal IT organisation.[\/et_pb_text][\/et_pb_column][\/et_pb_row][et_pb_row column_structure=&#8221;1_4,3_4&#8243; _builder_version=&#8221;4.18.0&#8243; _module_preset=&#8221;default&#8221; background_color=&#8221;#FFFFFF&#8221; custom_padding=&#8221;|30px||30px|false|false&#8221; global_colors_info=&#8221;{}&#8221;][et_pb_column type=&#8221;1_4&#8243; _builder_version=&#8221;4.18.0&#8243; _module_preset=&#8221;default&#8221; background_color=&#8221;#f7f7f7&#8243; custom_padding=&#8221;30px|30px|30px|30px|true|true&#8221; global_colors_info=&#8221;{}&#8221;][et_pb_icon font_icon=&#8221;&#x52;||divi||400&#8243; icon_width_tablet=&#8221;&#8221; icon_width_phone=&#8221;55px&#8221; icon_width_last_edited=&#8221;on|phone&#8221; _builder_version=&#8221;4.18.0&#8243; _module_preset=&#8221;default&#8221; custom_margin=&#8221;||0px||false|false&#8221; custom_padding=&#8221;||0px||false|false&#8221; global_colors_info=&#8221;{}&#8221;][\/et_pb_icon][\/et_pb_column][et_pb_column type=&#8221;3_4&#8243; _builder_version=&#8221;4.18.0&#8243; _module_preset=&#8221;default&#8221; background_enable_color=&#8221;off&#8221; custom_padding=&#8221;30px|30px|30px|30px|true|true&#8221; global_colors_info=&#8221;{}&#8221;][et_pb_text _builder_version=&#8221;4.18.0&#8243; _module_preset=&#8221;default&#8221; hover_enabled=&#8221;0&#8243; global_colors_info=&#8221;{}&#8221; sticky_enabled=&#8221;0&#8243;]With our analysis, we provide you with clarity about the current state of your IT. You will receive specific suggestions for improvement.[\/et_pb_text][\/et_pb_column][\/et_pb_row][et_pb_row column_structure=&#8221;1_4,3_4&#8243; _builder_version=&#8221;4.18.0&#8243; _module_preset=&#8221;default&#8221; background_color=&#8221;#FFFFFF&#8221; custom_padding=&#8221;|30px||30px|false|false&#8221; global_colors_info=&#8221;{}&#8221;][et_pb_column type=&#8221;1_4&#8243; _builder_version=&#8221;4.18.0&#8243; _module_preset=&#8221;default&#8221; background_color=&#8221;#f7f7f7&#8243; custom_padding=&#8221;30px|30px|30px|30px|true|true&#8221; global_colors_info=&#8221;{}&#8221;][et_pb_icon font_icon=&#8221;&#x52;||divi||400&#8243; _builder_version=&#8221;4.18.0&#8243; _module_preset=&#8221;default&#8221; hover_enabled=&#8221;0&#8243; global_colors_info=&#8221;{}&#8221; sticky_enabled=&#8221;0&#8243;][\/et_pb_icon][\/et_pb_column][et_pb_column type=&#8221;3_4&#8243; _builder_version=&#8221;4.18.0&#8243; _module_preset=&#8221;default&#8221; background_enable_color=&#8221;off&#8221; custom_padding=&#8221;30px|30px|30px|30px|true|true&#8221; global_colors_info=&#8221;{}&#8221;][et_pb_text _builder_version=&#8221;4.18.0&#8243; _module_preset=&#8221;default&#8221; hover_enabled=&#8221;0&#8243; global_colors_info=&#8221;{}&#8221; custom_padding=&#8221;||0px|||&#8221; sticky_enabled=&#8221;0&#8243;]The IT of the future must be individualised, adaptable, standardised, usable via mobile devices and, above all, provide security of investment.[\/et_pb_text][\/et_pb_column][\/et_pb_row][\/et_pb_section]<\/p>\n","protected":false},"excerpt":{"rendered":"<p>Digital change brings new challenges to companies and their IT systems. However, these challenges cannot be mastered with conventional waterfall methods of project management, rigid processes and hierarchies. Agile development, speed and marathon IT, digital labs: amid all these buzzwords, it is not easy to spot a clear path to follow in restructuring an internal [&hellip;]<\/p>\n","protected":false},"author":1,"featured_media":195,"parent":0,"menu_order":0,"comment_status":"closed","ping_status":"closed","template":"","meta":{"_et_pb_use_builder":"on","_et_pb_old_content":"[et_pb_section fb_built=\"1\" custom_padding_last_edited=\"on|phone\" _builder_version=\"4.18.0\" _module_preset=\"default\" background_image=\"https:\/\/www.rim-macho.com\/wp-content\/uploads\/2022\/10\/bg_home.jpg\" custom_padding=\"20vh||20vh||true|false\" custom_padding_tablet=\"\" custom_padding_phone=\"15vh||15vh||false|false\" global_colors_info=\"{}\"][et_pb_row _builder_version=\"4.18.0\" _module_preset=\"default\" global_colors_info=\"{}\"][et_pb_column type=\"4_4\" _builder_version=\"4.18.0\" _module_preset=\"default\" global_colors_info=\"{}\"][et_pb_blurb title=\"Neue Technologien\" image=\"https:\/\/www.rim-macho.com\/wp-content\/uploads\/2022\/10\/headline.png\" icon_placement=\"left\" image_icon_width=\"100px\" content_max_width=\"100%\" image_icon_width_tablet=\"55px\" image_icon_width_phone=\"35px\" image_icon_width_last_edited=\"on|phone\" _builder_version=\"4.18.0\" _module_preset=\"default\" header_level=\"h1\" header_text_align=\"left\" header_font_size=\"60px\" header_line_height=\"1.1em\" module_alignment=\"center\" header_font_size_tablet=\"40px\" header_font_size_phone=\"25px\" header_font_size_last_edited=\"on|desktop\" global_colors_info=\"{}\"][\/et_pb_blurb][\/et_pb_column][\/et_pb_row][\/et_pb_section][et_pb_section fb_built=\"1\" _builder_version=\"4.18.0\" background_color=\"#f7f7f7\" global_colors_info=\"{}\"][et_pb_row _builder_version=\"4.18.0\" background_color=\"#FFFFFF\" background_size=\"initial\" background_position=\"top_left\" background_repeat=\"repeat\" custom_padding=\"|30px||30px|false|true\" global_colors_info=\"{}\"][et_pb_column type=\"4_4\" _builder_version=\"4.16\" custom_padding=\"|||\" global_colors_info=\"{}\" custom_padding__hover=\"|||\"][et_pb_text _builder_version=\"4.18.0\" background_size=\"initial\" background_position=\"top_left\" background_repeat=\"repeat\" hover_enabled=\"0\" global_colors_info=\"{}\" sticky_enabled=\"0\"]Neue Informationstechnologien werden oft nicht ber\u00fccksichtigt bis sie im Massenmarkt angekommen sind. Diese k\u00f6nnen jedoch entscheidend f\u00fcr den Unternehmenserfolg sein. Die Bedeutung einer serviceorientierten Informationstechnologie steigt an: sie wird zum Enabler neuer Gesch\u00e4ftsprozesse und schafft Mehrwerte. Daher ist es wichtig schon fr\u00fch eine erfolgreiche Digitalisierung entlang der Wertsch\u00f6pfungskette voranzutreiben.[\/et_pb_text][\/et_pb_column][\/et_pb_row][et_pb_row column_structure=\"1_4,3_4\" _builder_version=\"4.18.0\" _module_preset=\"default\" background_color=\"#FFFFFF\" custom_padding=\"|30px||30px|false|false\" global_colors_info=\"{}\"][et_pb_column type=\"1_4\" _builder_version=\"4.18.0\" _module_preset=\"default\" background_color=\"#f7f7f7\" custom_padding=\"30px|30px|30px|30px|true|true\" global_colors_info=\"{}\"][et_pb_icon font_icon=\"R||divi||400\" icon_width_tablet=\"\" icon_width_phone=\"55px\" icon_width_last_edited=\"on|phone\" _builder_version=\"4.18.0\" _module_preset=\"default\" custom_margin=\"||0px||false|false\" custom_padding=\"||0px||false|false\" global_colors_info=\"{}\"][\/et_pb_icon][\/et_pb_column][et_pb_column type=\"3_4\" _builder_version=\"4.18.0\" _module_preset=\"default\" background_enable_color=\"off\" custom_padding=\"30px|30px|30px|30px|true|true\" global_colors_info=\"{}\"][et_pb_text _builder_version=\"4.18.0\" _module_preset=\"default\" hover_enabled=\"0\" global_colors_info=\"{}\" sticky_enabled=\"0\"]Wir zeigen unseren Kunden den Weg, wie die IT-Landschaft und die Integration unterschiedlichster IT-Systeme im Rahmen der Digitalisierung optimiert oder neugestaltet werden kann.[\/et_pb_text][\/et_pb_column][\/et_pb_row][et_pb_row column_structure=\"1_4,3_4\" _builder_version=\"4.18.0\" _module_preset=\"default\" background_color=\"#FFFFFF\" custom_padding=\"|30px||30px|false|false\" global_colors_info=\"{}\"][et_pb_column type=\"1_4\" _builder_version=\"4.18.0\" _module_preset=\"default\" background_color=\"#f7f7f7\" custom_padding=\"30px|30px|30px|30px|true|true\" global_colors_info=\"{}\"][et_pb_icon font_icon=\"R||divi||400\" _builder_version=\"4.18.0\" _module_preset=\"default\" global_colors_info=\"{}\"][\/et_pb_icon][\/et_pb_column][et_pb_column type=\"3_4\" _builder_version=\"4.18.0\" _module_preset=\"default\" background_enable_color=\"off\" custom_padding=\"30px|30px|30px|30px|true|true\" global_colors_info=\"{}\"][et_pb_text _builder_version=\"4.18.0\" _module_preset=\"default\" hover_enabled=\"0\" global_colors_info=\"{}\" sticky_enabled=\"0\"]Wir helfen Ihnen, die verschiedenen L\u00f6sungsoptionen zu verstehen und zeigen Ihnen auf, wie die Bausteine ineinandergreifen.[\/et_pb_text][\/et_pb_column][\/et_pb_row][et_pb_row column_structure=\"1_4,3_4\" _builder_version=\"4.18.0\" _module_preset=\"default\" background_color=\"#FFFFFF\" custom_padding=\"|30px||30px|false|false\" global_colors_info=\"{}\"][et_pb_column type=\"1_4\" _builder_version=\"4.18.0\" _module_preset=\"default\" background_color=\"#f7f7f7\" custom_padding=\"30px|30px|30px|30px|true|true\" global_colors_info=\"{}\"][et_pb_icon font_icon=\"R||divi||400\" _builder_version=\"4.18.0\" _module_preset=\"default\" global_colors_info=\"{}\"][\/et_pb_icon][\/et_pb_column][et_pb_column type=\"3_4\" _builder_version=\"4.18.0\" _module_preset=\"default\" background_enable_color=\"off\" custom_padding=\"30px|30px|30px|30px|true|true\" global_colors_info=\"{}\"][et_pb_text _builder_version=\"4.18.0\" _module_preset=\"default\" hover_enabled=\"0\" global_colors_info=\"{}\" sticky_enabled=\"0\"]Von der IT-Strategie \u00fcber mobile Anwendungen f\u00fcr Kunden und Mitarbeiter bis hin zum IT-Betrieb bieten wir eine umfassende Beratung an.[\/et_pb_text][\/et_pb_column][\/et_pb_row][\/et_pb_section]","_et_gb_content_width":"","footnotes":""},"class_list":["post-225","page","type-page","status-publish","has-post-thumbnail","hentry"],"yoast_head":"<!-- This site is optimized with the Yoast SEO plugin v27.4 - https:\/\/yoast.com\/product\/yoast-seo-wordpress\/ -->\n<title>IT- organisations - RIM Macho<\/title>\n<meta name=\"description\" content=\"Digital change brings new challenges to companies and their IT systems. However, these challenges cannot be mastered ...\" \/>\n<meta name=\"robots\" content=\"index, follow, max-snippet:-1, max-image-preview:large, max-video-preview:-1\" \/>\n<link rel=\"canonical\" href=\"https:\/\/www.rim-macho.com\/en\/it-organisations\/\" \/>\n<meta property=\"og:locale\" content=\"en_US\" \/>\n<meta property=\"og:type\" content=\"article\" \/>\n<meta property=\"og:title\" content=\"IT- organisations - RIM Macho\" \/>\n<meta property=\"og:description\" content=\"Digital change brings new challenges to companies and their IT systems. However, these challenges cannot be mastered ...\" \/>\n<meta property=\"og:url\" content=\"https:\/\/www.rim-macho.com\/en\/it-organisations\/\" \/>\n<meta property=\"og:site_name\" content=\"RIM Macho\" \/>\n<meta property=\"article:modified_time\" content=\"2022-10-28T14:09:59+00:00\" \/>\n<meta property=\"og:image\" content=\"https:\/\/www.rim-macho.com\/wp-content\/uploads\/2022\/10\/organisation.jpg\" \/>\n\t<meta property=\"og:image:width\" content=\"1600\" \/>\n\t<meta property=\"og:image:height\" content=\"800\" \/>\n\t<meta property=\"og:image:type\" content=\"image\/jpeg\" \/>\n<meta name=\"twitter:card\" content=\"summary_large_image\" \/>\n<meta name=\"twitter:label1\" content=\"Est. reading time\" \/>\n\t<meta name=\"twitter:data1\" content=\"2 minutes\" \/>\n<script type=\"application\/ld+json\" class=\"yoast-schema-graph\">{\"@context\":\"https:\\\/\\\/schema.org\",\"@graph\":[{\"@type\":\"WebPage\",\"@id\":\"https:\\\/\\\/www.rim-macho.com\\\/en\\\/it-organisations\\\/\",\"url\":\"https:\\\/\\\/www.rim-macho.com\\\/en\\\/it-organisations\\\/\",\"name\":\"IT- organisations - RIM Macho\",\"isPartOf\":{\"@id\":\"https:\\\/\\\/www.rim-macho.com\\\/#website\"},\"primaryImageOfPage\":{\"@id\":\"https:\\\/\\\/www.rim-macho.com\\\/en\\\/it-organisations\\\/#primaryimage\"},\"image\":{\"@id\":\"https:\\\/\\\/www.rim-macho.com\\\/en\\\/it-organisations\\\/#primaryimage\"},\"thumbnailUrl\":\"https:\\\/\\\/www.rim-macho.com\\\/wp-content\\\/uploads\\\/2022\\\/10\\\/organisation.jpg\",\"datePublished\":\"2022-10-27T08:24:42+00:00\",\"dateModified\":\"2022-10-28T14:09:59+00:00\",\"description\":\"Digital change brings new challenges to companies and their IT systems. However, these challenges cannot be mastered ...\",\"breadcrumb\":{\"@id\":\"https:\\\/\\\/www.rim-macho.com\\\/en\\\/it-organisations\\\/#breadcrumb\"},\"inLanguage\":\"en-US\",\"potentialAction\":[{\"@type\":\"ReadAction\",\"target\":[\"https:\\\/\\\/www.rim-macho.com\\\/en\\\/it-organisations\\\/\"]}]},{\"@type\":\"ImageObject\",\"inLanguage\":\"en-US\",\"@id\":\"https:\\\/\\\/www.rim-macho.com\\\/en\\\/it-organisations\\\/#primaryimage\",\"url\":\"https:\\\/\\\/www.rim-macho.com\\\/wp-content\\\/uploads\\\/2022\\\/10\\\/organisation.jpg\",\"contentUrl\":\"https:\\\/\\\/www.rim-macho.com\\\/wp-content\\\/uploads\\\/2022\\\/10\\\/organisation.jpg\",\"width\":1600,\"height\":800},{\"@type\":\"BreadcrumbList\",\"@id\":\"https:\\\/\\\/www.rim-macho.com\\\/en\\\/it-organisations\\\/#breadcrumb\",\"itemListElement\":[{\"@type\":\"ListItem\",\"position\":1,\"name\":\"Startseite\",\"item\":\"https:\\\/\\\/www.rim-macho.com\\\/en\\\/\"},{\"@type\":\"ListItem\",\"position\":2,\"name\":\"IT- organisations\"}]},{\"@type\":\"WebSite\",\"@id\":\"https:\\\/\\\/www.rim-macho.com\\\/#website\",\"url\":\"https:\\\/\\\/www.rim-macho.com\\\/\",\"name\":\"RIM Macho\",\"description\":\"IT-Strategien f\u00fcr ihr Unternehmen\",\"potentialAction\":[{\"@type\":\"SearchAction\",\"target\":{\"@type\":\"EntryPoint\",\"urlTemplate\":\"https:\\\/\\\/www.rim-macho.com\\\/?s={search_term_string}\"},\"query-input\":{\"@type\":\"PropertyValueSpecification\",\"valueRequired\":true,\"valueName\":\"search_term_string\"}}],\"inLanguage\":\"en-US\"}]}<\/script>\n<!-- \/ Yoast SEO plugin. -->","yoast_head_json":{"title":"IT- organisations - RIM Macho","description":"Digital change brings new challenges to companies and their IT systems. However, these challenges cannot be mastered ...","robots":{"index":"index","follow":"follow","max-snippet":"max-snippet:-1","max-image-preview":"max-image-preview:large","max-video-preview":"max-video-preview:-1"},"canonical":"https:\/\/www.rim-macho.com\/en\/it-organisations\/","og_locale":"en_US","og_type":"article","og_title":"IT- organisations - RIM Macho","og_description":"Digital change brings new challenges to companies and their IT systems. However, these challenges cannot be mastered ...","og_url":"https:\/\/www.rim-macho.com\/en\/it-organisations\/","og_site_name":"RIM Macho","article_modified_time":"2022-10-28T14:09:59+00:00","og_image":[{"width":1600,"height":800,"url":"https:\/\/www.rim-macho.com\/wp-content\/uploads\/2022\/10\/organisation.jpg","type":"image\/jpeg"}],"twitter_card":"summary_large_image","twitter_misc":{"Est. reading time":"2 minutes"},"schema":{"@context":"https:\/\/schema.org","@graph":[{"@type":"WebPage","@id":"https:\/\/www.rim-macho.com\/en\/it-organisations\/","url":"https:\/\/www.rim-macho.com\/en\/it-organisations\/","name":"IT- organisations - RIM Macho","isPartOf":{"@id":"https:\/\/www.rim-macho.com\/#website"},"primaryImageOfPage":{"@id":"https:\/\/www.rim-macho.com\/en\/it-organisations\/#primaryimage"},"image":{"@id":"https:\/\/www.rim-macho.com\/en\/it-organisations\/#primaryimage"},"thumbnailUrl":"https:\/\/www.rim-macho.com\/wp-content\/uploads\/2022\/10\/organisation.jpg","datePublished":"2022-10-27T08:24:42+00:00","dateModified":"2022-10-28T14:09:59+00:00","description":"Digital change brings new challenges to companies and their IT systems. However, these challenges cannot be mastered ...","breadcrumb":{"@id":"https:\/\/www.rim-macho.com\/en\/it-organisations\/#breadcrumb"},"inLanguage":"en-US","potentialAction":[{"@type":"ReadAction","target":["https:\/\/www.rim-macho.com\/en\/it-organisations\/"]}]},{"@type":"ImageObject","inLanguage":"en-US","@id":"https:\/\/www.rim-macho.com\/en\/it-organisations\/#primaryimage","url":"https:\/\/www.rim-macho.com\/wp-content\/uploads\/2022\/10\/organisation.jpg","contentUrl":"https:\/\/www.rim-macho.com\/wp-content\/uploads\/2022\/10\/organisation.jpg","width":1600,"height":800},{"@type":"BreadcrumbList","@id":"https:\/\/www.rim-macho.com\/en\/it-organisations\/#breadcrumb","itemListElement":[{"@type":"ListItem","position":1,"name":"Startseite","item":"https:\/\/www.rim-macho.com\/en\/"},{"@type":"ListItem","position":2,"name":"IT- organisations"}]},{"@type":"WebSite","@id":"https:\/\/www.rim-macho.com\/#website","url":"https:\/\/www.rim-macho.com\/","name":"RIM Macho","description":"IT-Strategien f\u00fcr ihr Unternehmen","potentialAction":[{"@type":"SearchAction","target":{"@type":"EntryPoint","urlTemplate":"https:\/\/www.rim-macho.com\/?s={search_term_string}"},"query-input":{"@type":"PropertyValueSpecification","valueRequired":true,"valueName":"search_term_string"}}],"inLanguage":"en-US"}]}},"_links":{"self":[{"href":"https:\/\/www.rim-macho.com\/en\/wp-json\/wp\/v2\/pages\/225","targetHints":{"allow":["GET"]}}],"collection":[{"href":"https:\/\/www.rim-macho.com\/en\/wp-json\/wp\/v2\/pages"}],"about":[{"href":"https:\/\/www.rim-macho.com\/en\/wp-json\/wp\/v2\/types\/page"}],"author":[{"embeddable":true,"href":"https:\/\/www.rim-macho.com\/en\/wp-json\/wp\/v2\/users\/1"}],"replies":[{"embeddable":true,"href":"https:\/\/www.rim-macho.com\/en\/wp-json\/wp\/v2\/comments?post=225"}],"version-history":[{"count":9,"href":"https:\/\/www.rim-macho.com\/en\/wp-json\/wp\/v2\/pages\/225\/revisions"}],"predecessor-version":[{"id":433,"href":"https:\/\/www.rim-macho.com\/en\/wp-json\/wp\/v2\/pages\/225\/revisions\/433"}],"wp:featuredmedia":[{"embeddable":true,"href":"https:\/\/www.rim-macho.com\/en\/wp-json\/wp\/v2\/media\/195"}],"wp:attachment":[{"href":"https:\/\/www.rim-macho.com\/en\/wp-json\/wp\/v2\/media?parent=225"}],"curies":[{"name":"wp","href":"https:\/\/api.w.org\/{rel}","templated":true}]}}