{"id":215,"date":"2022-10-27T11:40:13","date_gmt":"2022-10-27T09:40:13","guid":{"rendered":"https:\/\/www.rim-macho.com\/impressum\/"},"modified":"2025-07-18T16:12:48","modified_gmt":"2025-07-18T14:12:48","slug":"imprint","status":"publish","type":"page","link":"https:\/\/www.rim-macho.com\/en\/imprint\/","title":{"rendered":"Imprint"},"content":{"rendered":"<p>[et_pb_section fb_built=&#8221;1&#8243; custom_padding_last_edited=&#8221;on|phone&#8221; _builder_version=&#8221;4.18.0&#8243; _module_preset=&#8221;default&#8221; background_color=&#8221;#eaeaea&#8221; background_enable_image=&#8221;off&#8221; width=&#8221;100%&#8221; min_height=&#8221;100px&#8221; custom_margin=&#8221;||-200px||false|false&#8221; custom_padding=&#8221;0vh||0vh||true|false&#8221; custom_padding_tablet=&#8221;20vh||20vh||true|false&#8221; custom_padding_phone=&#8221;5vh||5vh||false|false&#8221; global_colors_info=&#8221;{}&#8221;][et_pb_row _builder_version=&#8221;4.18.0&#8243; _module_preset=&#8221;default&#8221; global_colors_info=&#8221;{}&#8221;][et_pb_column type=&#8221;4_4&#8243; _builder_version=&#8221;4.18.0&#8243; _module_preset=&#8221;default&#8221; global_colors_info=&#8221;{}&#8221;][et_pb_blurb title=&#8221;Imprint&#8221; image=&#8221;https:\/\/www.rim-macho.com\/wp-content\/uploads\/2022\/10\/headline.png&#8221; icon_placement=&#8221;left&#8221; image_icon_width=&#8221;100px&#8221; content_max_width=&#8221;100%&#8221; image_icon_width_tablet=&#8221;55px&#8221; image_icon_width_phone=&#8221;35px&#8221; image_icon_width_last_edited=&#8221;on|phone&#8221; _builder_version=&#8221;4.18.0&#8243; _module_preset=&#8221;default&#8221; header_level=&#8221;h1&#8243; header_text_align=&#8221;left&#8221; header_font_size=&#8221;60px&#8221; header_line_height=&#8221;1.1em&#8221; module_alignment=&#8221;center&#8221; header_font_size_tablet=&#8221;40px&#8221; header_font_size_phone=&#8221;25px&#8221; header_font_size_last_edited=&#8221;on|desktop&#8221; global_colors_info=&#8221;{}&#8221;][\/et_pb_blurb][\/et_pb_column][\/et_pb_row][\/et_pb_section][et_pb_section fb_built=&#8221;1&#8243; _builder_version=&#8221;4.18.0&#8243; background_color=&#8221;#f7f7f7&#8243; min_height=&#8221;516.6px&#8221; custom_margin=&#8221;200px||||false|false&#8221; custom_padding=&#8221;0px||||false|false&#8221; global_colors_info=&#8221;{}&#8221;][et_pb_row _builder_version=&#8221;4.18.0&#8243; background_color=&#8221;#FFFFFF&#8221; background_size=&#8221;initial&#8221; background_position=&#8221;top_left&#8221; background_repeat=&#8221;repeat&#8221; width=&#8221;85.9%&#8221; custom_margin=&#8221;-10px||||false|false&#8221; custom_padding=&#8221;|||20px|false|false&#8221; global_colors_info=&#8221;{}&#8221;][et_pb_column type=&#8221;4_4&#8243; _builder_version=&#8221;4.16&#8243; custom_padding=&#8221;|||&#8221; global_colors_info=&#8221;{}&#8221; custom_padding__hover=&#8221;|||&#8221;][et_pb_text _builder_version=&#8221;4.25.1&#8243; _module_preset=&#8221;default&#8221; width=&#8221;100%&#8221; max_width=&#8221;100%&#8221; custom_margin=&#8221;|-69px||0px||&#8221; custom_padding=&#8221;|10px||||&#8221; global_colors_info=&#8221;{}&#8221;]<\/p>\n<p>Silvester Macho<br \/>RIM Retail IT Management<br \/>Messweg 2a<br \/>41542 Dormagen \u2013 Germany<\/p>\n<p>Mobile: +49 151 10121999<br \/>Phone: +49 2133 929435<br \/>eMail: info@rim-macho.com<br \/>Web: www.rim-macho.com<\/p>\n<p><strong>Responsible for content according to \u00a7 55 paragraph 2 RStV<\/strong><br \/>Silvester Macho<\/p>\n<p><strong>VAT identification number:<\/strong> DE 309 667 424<\/p>\n<p>[\/et_pb_text][\/et_pb_column][\/et_pb_row][\/et_pb_section]<\/p>\n","protected":false},"excerpt":{"rendered":"<p>Silvester MachoRIM Retail IT ManagementMessweg 2a41542 Dormagen \u2013 Germany Mobile: +49 151 10121999Phone: +49 2133 929435eMail: info@rim-macho.comWeb: www.rim-macho.com Responsible for content according to \u00a7 55 paragraph 2 RStVSilvester Macho VAT identification number: DE 309 667 424<\/p>\n","protected":false},"author":1,"featured_media":0,"parent":0,"menu_order":0,"comment_status":"closed","ping_status":"closed","template":"","meta":{"_et_pb_use_builder":"on","_et_pb_old_content":"[et_pb_section fb_built=\"1\" custom_padding_last_edited=\"on|phone\" _builder_version=\"4.18.0\" _module_preset=\"default\" custom_margin=\"||-200px||false|false\" custom_padding=\"0vh||0vh||true|false\" custom_padding_tablet=\"20vh||20vh||true|false\" custom_padding_phone=\"5vh||5vh||false|false\" hover_enabled=\"0\" global_colors_info=\"{}\" background_enable_image=\"off\" sticky_enabled=\"0\" min_height=\"100px\" background_color=\"#eaeaea\" width=\"100%\"][et_pb_row _builder_version=\"4.18.0\" _module_preset=\"default\" global_colors_info=\"{}\"][et_pb_column type=\"4_4\" _builder_version=\"4.18.0\" _module_preset=\"default\" global_colors_info=\"{}\"][et_pb_blurb title=\"\u00dcber uns\" image=\"https:\/\/www.rim-macho.com\/wp-content\/uploads\/2022\/10\/headline.png\" icon_placement=\"left\" image_icon_width=\"100px\" content_max_width=\"100%\" image_icon_width_tablet=\"55px\" image_icon_width_phone=\"35px\" image_icon_width_last_edited=\"on|phone\" _builder_version=\"4.18.0\" _module_preset=\"default\" header_level=\"h1\" header_text_align=\"left\" header_font_size=\"60px\" header_line_height=\"1.1em\" module_alignment=\"center\" hover_enabled=\"0\" header_font_size_tablet=\"40px\" header_font_size_phone=\"25px\" header_font_size_last_edited=\"on|desktop\" global_colors_info=\"{}\" sticky_enabled=\"0\"][\/et_pb_blurb][\/et_pb_column][\/et_pb_row][\/et_pb_section][et_pb_section fb_built=\"1\" _builder_version=\"4.18.0\" min_height=\"516.6px\" custom_margin=\"234px|||||\" hover_enabled=\"0\" global_colors_info=\"{}\" background_color=\"#efefef\" sticky_enabled=\"0\"][et_pb_row column_structure=\"1_4,3_4\" _builder_version=\"4.18.0\" background_size=\"initial\" background_position=\"top_left\" background_repeat=\"repeat\" hover_enabled=\"0\" global_colors_info=\"{}\" background_color=\"#FFFFFF\" custom_margin=\"-10px||||false|false\" custom_padding=\"|||20px|false|false\" sticky_enabled=\"0\" width=\"85.9%\"][et_pb_column type=\"1_4\" _builder_version=\"4.16\" custom_padding=\"|||\" global_colors_info=\"{}\" custom_padding__hover=\"|||\"][et_pb_image src=\"https:\/\/www.rim-macho.com\/wp-content\/uploads\/2022\/10\/silvester-macho.jpg\" alt=\"silvester-macho\" title_text=\"silvester-macho\" _builder_version=\"4.18.0\" _module_preset=\"default\" max_height=\"388px\" global_colors_info=\"{}\"][\/et_pb_image][et_pb_text _builder_version=\"4.18.0\" _module_preset=\"default\" global_colors_info=\"{}\"]Silvester Macho[\/et_pb_text][\/et_pb_column][et_pb_column type=\"3_4\" _builder_version=\"4.16\" custom_padding=\"|||\" global_colors_info=\"{}\" custom_padding__hover=\"|||\"][et_pb_text _builder_version=\"4.18.0\" _module_preset=\"default\" width=\"100%\" max_width=\"100%\" custom_margin=\"|-69px||0px||\" custom_padding=\"|10px||||\" global_colors_info=\"{}\"]Als CIO und Gesch\u00e4ftsf\u00fchrer eines internationalen IT-Systemhauses mit \u00fcber 2.000 Mitarbeitern \u2013 zust\u00e4ndig f\u00fcr IT-Strategie und Prozesse, Softwareentwicklung, Architektur \u2013 hat er jahrelang f\u00fcr die verschiedenen Formate des Handelskonzerns Strategien, L\u00f6sungen und Dienstleistungen angeboten.\n\nIn seiner Verantwortung f\u00fcr die Gesamt IT hat er die wirtschaftlichen und personellen Belange der Gesellschaft gesteuert und gro\u00dfe In-\/Outsourcing und Transformationsprogramme geleitet.\n\nIn seiner 29 j\u00e4hrigen Praxis im operativen IT-Gesch\u00e4ft war er in vielen internationalen Funktionen t\u00e4tig und verantwortlich.\n\nF\u00fcr die Einf\u00fchrung neuer Technologien, Innovationen und Digitalisierungsvorhaben hat er als interner Berater Konzepte und Strategien entworfen und diese anschlie\u00dfend als Projektleiter in die Umsetzung gebracht.\n\nAls Mitglied in internationalen Aufsichtsr\u00e4ten und Gremien oder als Redner\/Moderator gibt er seine Erfahrungen aus der Welt der Technologie, der Innovation und des Business weiter.[\/et_pb_text][\/et_pb_column][\/et_pb_row][\/et_pb_section]","_et_gb_content_width":"","footnotes":""},"class_list":["post-215","page","type-page","status-publish","hentry"],"yoast_head":"<!-- This site is optimized with the Yoast SEO plugin v27.4 - https:\/\/yoast.com\/product\/yoast-seo-wordpress\/ -->\n<title>Imprint - RIM Macho<\/title>\n<meta name=\"description\" content=\"Silvester Macho RIM Retail IT Management Messweg 2a D-41542 Dormagen. Mobile: +49 151 10121999 Phone: +49 2133 929435eMail:...\" \/>\n<meta name=\"robots\" content=\"index, follow, max-snippet:-1, max-image-preview:large, max-video-preview:-1\" \/>\n<link rel=\"canonical\" href=\"https:\/\/www.rim-macho.com\/en\/imprint\/\" \/>\n<meta property=\"og:locale\" content=\"en_US\" \/>\n<meta property=\"og:type\" content=\"article\" \/>\n<meta property=\"og:title\" content=\"Imprint - RIM Macho\" \/>\n<meta property=\"og:description\" content=\"Silvester Macho RIM Retail IT Management Messweg 2a D-41542 Dormagen. Mobile: +49 151 10121999 Phone: +49 2133 929435eMail:...\" \/>\n<meta property=\"og:url\" content=\"https:\/\/www.rim-macho.com\/en\/imprint\/\" \/>\n<meta property=\"og:site_name\" content=\"RIM Macho\" \/>\n<meta property=\"article:modified_time\" content=\"2025-07-18T14:12:48+00:00\" \/>\n<meta name=\"twitter:card\" content=\"summary_large_image\" \/>\n<meta name=\"twitter:label1\" content=\"Est. reading time\" \/>\n\t<meta name=\"twitter:data1\" content=\"4 minutes\" \/>\n<script type=\"application\/ld+json\" class=\"yoast-schema-graph\">{\"@context\":\"https:\\\/\\\/schema.org\",\"@graph\":[{\"@type\":\"WebPage\",\"@id\":\"https:\\\/\\\/www.rim-macho.com\\\/en\\\/imprint\\\/\",\"url\":\"https:\\\/\\\/www.rim-macho.com\\\/en\\\/imprint\\\/\",\"name\":\"Imprint - RIM Macho\",\"isPartOf\":{\"@id\":\"https:\\\/\\\/www.rim-macho.com\\\/#website\"},\"datePublished\":\"2022-10-27T09:40:13+00:00\",\"dateModified\":\"2025-07-18T14:12:48+00:00\",\"description\":\"Silvester Macho RIM Retail IT Management Messweg 2a D-41542 Dormagen. Mobile: +49 151 10121999 Phone: +49 2133 929435eMail:...\",\"breadcrumb\":{\"@id\":\"https:\\\/\\\/www.rim-macho.com\\\/en\\\/imprint\\\/#breadcrumb\"},\"inLanguage\":\"en-US\",\"potentialAction\":[{\"@type\":\"ReadAction\",\"target\":[\"https:\\\/\\\/www.rim-macho.com\\\/en\\\/imprint\\\/\"]}]},{\"@type\":\"BreadcrumbList\",\"@id\":\"https:\\\/\\\/www.rim-macho.com\\\/en\\\/imprint\\\/#breadcrumb\",\"itemListElement\":[{\"@type\":\"ListItem\",\"position\":1,\"name\":\"Startseite\",\"item\":\"https:\\\/\\\/www.rim-macho.com\\\/en\\\/\"},{\"@type\":\"ListItem\",\"position\":2,\"name\":\"Imprint\"}]},{\"@type\":\"WebSite\",\"@id\":\"https:\\\/\\\/www.rim-macho.com\\\/#website\",\"url\":\"https:\\\/\\\/www.rim-macho.com\\\/\",\"name\":\"RIM Macho\",\"description\":\"IT-Strategien f\u00fcr ihr Unternehmen\",\"potentialAction\":[{\"@type\":\"SearchAction\",\"target\":{\"@type\":\"EntryPoint\",\"urlTemplate\":\"https:\\\/\\\/www.rim-macho.com\\\/?s={search_term_string}\"},\"query-input\":{\"@type\":\"PropertyValueSpecification\",\"valueRequired\":true,\"valueName\":\"search_term_string\"}}],\"inLanguage\":\"en-US\"}]}<\/script>\n<!-- \/ Yoast SEO plugin. -->","yoast_head_json":{"title":"Imprint - RIM Macho","description":"Silvester Macho RIM Retail IT Management Messweg 2a D-41542 Dormagen. Mobile: +49 151 10121999 Phone: +49 2133 929435eMail:...","robots":{"index":"index","follow":"follow","max-snippet":"max-snippet:-1","max-image-preview":"max-image-preview:large","max-video-preview":"max-video-preview:-1"},"canonical":"https:\/\/www.rim-macho.com\/en\/imprint\/","og_locale":"en_US","og_type":"article","og_title":"Imprint - RIM Macho","og_description":"Silvester Macho RIM Retail IT Management Messweg 2a D-41542 Dormagen. Mobile: +49 151 10121999 Phone: +49 2133 929435eMail:...","og_url":"https:\/\/www.rim-macho.com\/en\/imprint\/","og_site_name":"RIM Macho","article_modified_time":"2025-07-18T14:12:48+00:00","twitter_card":"summary_large_image","twitter_misc":{"Est. reading time":"4 minutes"},"schema":{"@context":"https:\/\/schema.org","@graph":[{"@type":"WebPage","@id":"https:\/\/www.rim-macho.com\/en\/imprint\/","url":"https:\/\/www.rim-macho.com\/en\/imprint\/","name":"Imprint - RIM Macho","isPartOf":{"@id":"https:\/\/www.rim-macho.com\/#website"},"datePublished":"2022-10-27T09:40:13+00:00","dateModified":"2025-07-18T14:12:48+00:00","description":"Silvester Macho RIM Retail IT Management Messweg 2a D-41542 Dormagen. Mobile: +49 151 10121999 Phone: +49 2133 929435eMail:...","breadcrumb":{"@id":"https:\/\/www.rim-macho.com\/en\/imprint\/#breadcrumb"},"inLanguage":"en-US","potentialAction":[{"@type":"ReadAction","target":["https:\/\/www.rim-macho.com\/en\/imprint\/"]}]},{"@type":"BreadcrumbList","@id":"https:\/\/www.rim-macho.com\/en\/imprint\/#breadcrumb","itemListElement":[{"@type":"ListItem","position":1,"name":"Startseite","item":"https:\/\/www.rim-macho.com\/en\/"},{"@type":"ListItem","position":2,"name":"Imprint"}]},{"@type":"WebSite","@id":"https:\/\/www.rim-macho.com\/#website","url":"https:\/\/www.rim-macho.com\/","name":"RIM Macho","description":"IT-Strategien f\u00fcr ihr Unternehmen","potentialAction":[{"@type":"SearchAction","target":{"@type":"EntryPoint","urlTemplate":"https:\/\/www.rim-macho.com\/?s={search_term_string}"},"query-input":{"@type":"PropertyValueSpecification","valueRequired":true,"valueName":"search_term_string"}}],"inLanguage":"en-US"}]}},"_links":{"self":[{"href":"https:\/\/www.rim-macho.com\/en\/wp-json\/wp\/v2\/pages\/215","targetHints":{"allow":["GET"]}}],"collection":[{"href":"https:\/\/www.rim-macho.com\/en\/wp-json\/wp\/v2\/pages"}],"about":[{"href":"https:\/\/www.rim-macho.com\/en\/wp-json\/wp\/v2\/types\/page"}],"author":[{"embeddable":true,"href":"https:\/\/www.rim-macho.com\/en\/wp-json\/wp\/v2\/users\/1"}],"replies":[{"embeddable":true,"href":"https:\/\/www.rim-macho.com\/en\/wp-json\/wp\/v2\/comments?post=215"}],"version-history":[{"count":10,"href":"https:\/\/www.rim-macho.com\/en\/wp-json\/wp\/v2\/pages\/215\/revisions"}],"predecessor-version":[{"id":498,"href":"https:\/\/www.rim-macho.com\/en\/wp-json\/wp\/v2\/pages\/215\/revisions\/498"}],"wp:attachment":[{"href":"https:\/\/www.rim-macho.com\/en\/wp-json\/wp\/v2\/media?parent=215"}],"curies":[{"name":"wp","href":"https:\/\/api.w.org\/{rel}","templated":true}]}}