{"id":212,"date":"2022-10-26T17:02:00","date_gmt":"2022-10-26T15:02:00","guid":{"rendered":"https:\/\/www.rim-macho.com\/geschaeftsprozesse\/"},"modified":"2022-10-28T16:05:45","modified_gmt":"2022-10-28T14:05:45","slug":"business-processes","status":"publish","type":"page","link":"https:\/\/www.rim-macho.com\/en\/business-processes\/","title":{"rendered":"Business processes"},"content":{"rendered":"<p>[et_pb_section fb_built=&#8221;1&#8243; custom_padding_last_edited=&#8221;on|phone&#8221; _builder_version=&#8221;4.18.0&#8243; _module_preset=&#8221;default&#8221; background_image=&#8221;https:\/\/www.rim-macho.com\/wp-content\/uploads\/2022\/10\/prozesse.png&#8221; custom_padding=&#8221;20vh||20vh||true|false&#8221; custom_padding_tablet=&#8221;&#8221; custom_padding_phone=&#8221;15vh||15vh||false|false&#8221; global_colors_info=&#8221;{}&#8221;][et_pb_row _builder_version=&#8221;4.18.0&#8243; _module_preset=&#8221;default&#8221; global_colors_info=&#8221;{}&#8221;][et_pb_column type=&#8221;4_4&#8243; _builder_version=&#8221;4.18.0&#8243; _module_preset=&#8221;default&#8221; global_colors_info=&#8221;{}&#8221;][et_pb_blurb title=&#8221;Business Processes&#8221; image=&#8221;https:\/\/www.rim-macho.com\/wp-content\/uploads\/2022\/10\/headline.png&#8221; icon_placement=&#8221;left&#8221; image_icon_width=&#8221;100px&#8221; content_max_width=&#8221;100%&#8221; image_icon_width_tablet=&#8221;55px&#8221; image_icon_width_phone=&#8221;35px&#8221; image_icon_width_last_edited=&#8221;on|phone&#8221; _builder_version=&#8221;4.18.0&#8243; _module_preset=&#8221;default&#8221; header_level=&#8221;h1&#8243; header_text_align=&#8221;left&#8221; header_font_size=&#8221;60px&#8221; header_line_height=&#8221;1.1em&#8221; module_alignment=&#8221;center&#8221; hover_enabled=&#8221;0&#8243; header_font_size_tablet=&#8221;40px&#8221; header_font_size_phone=&#8221;25px&#8221; header_font_size_last_edited=&#8221;on|desktop&#8221; global_colors_info=&#8221;{}&#8221; sticky_enabled=&#8221;0&#8243;][\/et_pb_blurb][\/et_pb_column][\/et_pb_row][\/et_pb_section][et_pb_section fb_built=&#8221;1&#8243; _builder_version=&#8221;4.18.0&#8243; background_color=&#8221;#f7f7f7&#8243; custom_padding=&#8221;0px||||false|false&#8221; global_colors_info=&#8221;{}&#8221;][et_pb_row _builder_version=&#8221;4.18.0&#8243; background_color=&#8221;#FFFFFF&#8221; background_size=&#8221;initial&#8221; background_position=&#8221;top_left&#8221; background_repeat=&#8221;repeat&#8221; custom_padding=&#8221;|30px||30px|false|true&#8221; global_colors_info=&#8221;{}&#8221;][et_pb_column type=&#8221;4_4&#8243; _builder_version=&#8221;4.16&#8243; custom_padding=&#8221;|||&#8221; global_colors_info=&#8221;{}&#8221; custom_padding__hover=&#8221;|||&#8221;][et_pb_text _builder_version=&#8221;4.18.0&#8243; background_size=&#8221;initial&#8221; background_position=&#8221;top_left&#8221; background_repeat=&#8221;repeat&#8221; hover_enabled=&#8221;0&#8243; global_colors_info=&#8221;{}&#8221; sticky_enabled=&#8221;0&#8243;]Business-focused, integrated processes and IT solutions are the key to success. New business fields require new processes and structures. However, you can also implement your company strategy and operate at the highest efficiency by restructuring your processes and adopting appropriate procedures and organisational structures.<br \/>\n[\/et_pb_text][\/et_pb_column][\/et_pb_row][et_pb_row column_structure=&#8221;1_4,3_4&#8243; _builder_version=&#8221;4.18.0&#8243; _module_preset=&#8221;default&#8221; background_color=&#8221;#FFFFFF&#8221; custom_padding=&#8221;|30px||30px|false|false&#8221; global_colors_info=&#8221;{}&#8221;][et_pb_column type=&#8221;1_4&#8243; _builder_version=&#8221;4.18.0&#8243; _module_preset=&#8221;default&#8221; background_color=&#8221;#f7f7f7&#8243; custom_padding=&#8221;30px|30px|30px|30px|true|true&#8221; global_colors_info=&#8221;{}&#8221;][et_pb_icon font_icon=&#8221;&#x52;||divi||400&#8243; icon_width_tablet=&#8221;&#8221; icon_width_phone=&#8221;55px&#8221; icon_width_last_edited=&#8221;on|phone&#8221; _builder_version=&#8221;4.18.0&#8243; _module_preset=&#8221;default&#8221; custom_margin=&#8221;||0px||false|false&#8221; custom_padding=&#8221;||0px||false|false&#8221; global_colors_info=&#8221;{}&#8221;][\/et_pb_icon][\/et_pb_column][et_pb_column type=&#8221;3_4&#8243; _builder_version=&#8221;4.18.0&#8243; _module_preset=&#8221;default&#8221; background_enable_color=&#8221;off&#8221; custom_padding=&#8221;30px|30px|30px|30px|true|true&#8221; global_colors_info=&#8221;{}&#8221;][et_pb_text _builder_version=&#8221;4.18.0&#8243; _module_preset=&#8221;default&#8221; hover_enabled=&#8221;0&#8243; global_colors_info=&#8221;{}&#8221; sticky_enabled=&#8221;0&#8243;]With our expertise and experience, we help you discover and exploit untapped potential.<br \/>\n[\/et_pb_text][\/et_pb_column][\/et_pb_row][et_pb_row column_structure=&#8221;1_4,3_4&#8243; _builder_version=&#8221;4.18.0&#8243; _module_preset=&#8221;default&#8221; background_color=&#8221;#FFFFFF&#8221; custom_padding=&#8221;|30px||30px|false|false&#8221; global_colors_info=&#8221;{}&#8221;][et_pb_column type=&#8221;1_4&#8243; _builder_version=&#8221;4.18.0&#8243; _module_preset=&#8221;default&#8221; background_color=&#8221;#f7f7f7&#8243; custom_padding=&#8221;30px|30px|30px|30px|true|true&#8221; global_colors_info=&#8221;{}&#8221;][et_pb_icon font_icon=&#8221;&#x52;||divi||400&#8243; icon_width_tablet=&#8221;&#8221; icon_width_phone=&#8221;55px&#8221; icon_width_last_edited=&#8221;on|phone&#8221; _builder_version=&#8221;4.18.0&#8243; _module_preset=&#8221;default&#8221; custom_margin=&#8221;||0px||false|false&#8221; custom_padding=&#8221;||0px||false|false&#8221; global_colors_info=&#8221;{}&#8221;][\/et_pb_icon][\/et_pb_column][et_pb_column type=&#8221;3_4&#8243; _builder_version=&#8221;4.18.0&#8243; _module_preset=&#8221;default&#8221; background_enable_color=&#8221;off&#8221; custom_padding=&#8221;30px|30px|30px|30px|true|true&#8221; global_colors_info=&#8221;{}&#8221;][et_pb_text _builder_version=&#8221;4.18.0&#8243; _module_preset=&#8221;default&#8221; hover_enabled=&#8221;0&#8243; global_colors_info=&#8221;{}&#8221; sticky_enabled=&#8221;0&#8243;]We focus on IT with the aim of achieving the best possible support for business processes.<br \/>\n[\/et_pb_text][\/et_pb_column][\/et_pb_row][et_pb_row column_structure=&#8221;1_4,3_4&#8243; _builder_version=&#8221;4.18.0&#8243; _module_preset=&#8221;default&#8221; background_color=&#8221;#FFFFFF&#8221; custom_padding=&#8221;|30px||30px|false|false&#8221; global_colors_info=&#8221;{}&#8221;][et_pb_column type=&#8221;1_4&#8243; _builder_version=&#8221;4.18.0&#8243; _module_preset=&#8221;default&#8221; background_color=&#8221;#f7f7f7&#8243; custom_padding=&#8221;30px|30px|30px|30px|true|true&#8221; global_colors_info=&#8221;{}&#8221;][et_pb_icon font_icon=&#8221;&#x52;||divi||400&#8243; icon_width_tablet=&#8221;&#8221; icon_width_phone=&#8221;55px&#8221; icon_width_last_edited=&#8221;on|phone&#8221; _builder_version=&#8221;4.18.0&#8243; _module_preset=&#8221;default&#8221; custom_margin=&#8221;||0px||false|false&#8221; custom_padding=&#8221;||0px||false|false&#8221; global_colors_info=&#8221;{}&#8221;][\/et_pb_icon][\/et_pb_column][et_pb_column type=&#8221;3_4&#8243; _builder_version=&#8221;4.18.0&#8243; _module_preset=&#8221;default&#8221; background_enable_color=&#8221;off&#8221; custom_padding=&#8221;30px|30px|30px|30px|true|true&#8221; global_colors_info=&#8221;{}&#8221;][et_pb_text _builder_version=&#8221;4.18.0&#8243; _module_preset=&#8221;default&#8221; hover_enabled=&#8221;0&#8243; global_colors_info=&#8221;{}&#8221; sticky_enabled=&#8221;0&#8243;]In addition, we develop new processes that contribute to the achievement of your objectives within the context of your individual company strategy.[\/et_pb_text][\/et_pb_column][\/et_pb_row][\/et_pb_section]<\/p>\n","protected":false},"excerpt":{"rendered":"<p>Business-focused, integrated processes and IT solutions are the key to success. New business fields require new processes and structures. However, you can also implement your company strategy and operate at the highest efficiency by restructuring your processes and adopting appropriate procedures and organisational structures. With our expertise and experience, we help you discover and exploit [&hellip;]<\/p>\n","protected":false},"author":1,"featured_media":198,"parent":0,"menu_order":0,"comment_status":"closed","ping_status":"closed","template":"","meta":{"_et_pb_use_builder":"on","_et_pb_old_content":"[et_pb_section fb_built=\"1\" theme_builder_area=\"post_content\" _builder_version=\"4.18.0\" _module_preset=\"default\" alt=\"RIM Macho\" title_text=\"RIM Macho\" background_image=\"https:\/\/www.rim-macho.com\/wp-content\/uploads\/2022\/10\/bg_home.jpg\" custom_padding=\"20vh||20vh||true|false\" hover_enabled=\"0\" sticky_enabled=\"0\"][et_pb_row _builder_version=\"4.18.0\" _module_preset=\"default\" theme_builder_area=\"post_content\"][et_pb_column _builder_version=\"4.18.0\" _module_preset=\"default\" type=\"4_4\" theme_builder_area=\"post_content\"][et_pb_blurb title=\"Retail IT Management\" image=\"https:\/\/www.rim-macho.com\/wp-content\/uploads\/2022\/10\/headline.png\" _builder_version=\"4.18.0\" _module_preset=\"default\" theme_builder_area=\"post_content\" title_text=\"headline\" icon_placement=\"left\" header_level=\"h1\" header_font_size_last_edited=\"on|desktop\" header_font_size=\"60px\" hover_enabled=\"0\" sticky_enabled=\"0\" header_font_size_tablet=\"50px\" header_font_size_phone=\"30px\" content_max_width=\"100%\" module_alignment=\"center\" header_text_align=\"left\" image_icon_width=\"100px\"][\/et_pb_blurb][\/et_pb_column][\/et_pb_row][\/et_pb_section][et_pb_section fb_built=\"1\" _builder_version=\"4.16\" global_colors_info=\"{}\"][et_pb_row _builder_version=\"4.16\" background_size=\"initial\" background_position=\"top_left\" background_repeat=\"repeat\" global_colors_info=\"{}\"][et_pb_column type=\"4_4\" _builder_version=\"4.16\" custom_padding=\"|||\" global_colors_info=\"{}\" custom_padding__hover=\"|||\"][et_pb_text _builder_version=\"4.18.0\" background_size=\"initial\" background_position=\"top_left\" background_repeat=\"repeat\" hover_enabled=\"0\" global_colors_info=\"{}\" text_orientation=\"center\" sticky_enabled=\"0\"]\n<h2>IT-Strategien f\u00fcr ihr Unternehmen<\/h2>\n[\/et_pb_text][\/et_pb_column][\/et_pb_row][et_pb_row _builder_version=\"4.18.0\" background_size=\"initial\" background_position=\"top_left\" background_repeat=\"repeat\" hover_enabled=\"0\" global_colors_info=\"{}\" column_structure=\"1_2,1_2\" sticky_enabled=\"0\"][et_pb_column type=\"1_2\" _builder_version=\"4.16\" custom_padding=\"|||\" global_colors_info=\"{}\" custom_padding__hover=\"|||\"][et_pb_text _builder_version=\"4.18.0\" background_size=\"initial\" background_position=\"top_left\" background_repeat=\"repeat\" hover_enabled=\"0\" global_colors_info=\"{}\" sticky_enabled=\"0\"]Der Handel im Wandel! Gesellschaftliche Ver\u00e4nderungen und technische Innovationen fordern den Handel immer st\u00e4rker heraus.\n\nDie Digitalisierung der vergangenen Jahre f\u00fchrt dazu, dass der Handel einen grundlegenden strukturellen Ver\u00e4nderungsprozess durchl\u00e4uft . Alle Gesch\u00e4ftsbereiche sind betroffen wie auch die Beziehungen zu Lieferanten und Kunden.\n\nNur umfassende, integrierte IT-L\u00f6sungen garantieren, dass sie f\u00fcr die Zukunft ger\u00fcstet sind.[\/et_pb_text][\/et_pb_column][et_pb_column type=\"1_2\" _builder_version=\"4.16\" custom_padding=\"|||\" global_colors_info=\"{}\" custom_padding__hover=\"|||\"][et_pb_text _builder_version=\"4.18.0\" _module_preset=\"default\" hover_enabled=\"0\" sticky_enabled=\"0\"]Die digitale Transformation stellt die Unternehmen vor neue Herausforderungen. Mit herk\u00f6mmlichen \u201eWasserfall\u201c-Ans\u00e4tzen im Projektmanagement, starren Prozessen und Hierarchien sind diese nicht zu meistern.\n\nAgile Entwicklung, Speed- und Marathon-IT, Digital Labs \u2013 diese Aspekte sind in der Erneuerung der internen IT-Organisation zu ber\u00fccksichtigen.\n\nMitarbeiter und F\u00fchrungskr\u00e4fte m\u00fcssen auf die Digitalisierung vorbereitet werden (Change Management und Personalentwicklung).[\/et_pb_text][\/et_pb_column][\/et_pb_row][et_pb_row _builder_version=\"4.18.0\" _module_preset=\"default\" column_structure=\"1_4,1_4,1_4,1_4\" hover_enabled=\"0\" sticky_enabled=\"0\"][et_pb_column _builder_version=\"4.18.0\" _module_preset=\"default\" type=\"1_4\" background_color=\"#f7f7f7\" custom_padding=\"30px|30px|30px|30px|true|true\" hover_enabled=\"0\" sticky_enabled=\"0\"][et_pb_blurb _builder_version=\"4.18.0\" _module_preset=\"default\" title=\"Gesch\u00e4ftsprozesse\" use_icon=\"on\" font_icon=\"}||divi||400\" header_level=\"h3\" hover_enabled=\"0\" sticky_enabled=\"0\" header_text_align=\"center\"][\/et_pb_blurb][\/et_pb_column][et_pb_column _builder_version=\"4.18.0\" _module_preset=\"default\" type=\"1_4\" background_color=\"#f7f7f7\" custom_padding=\"30px|30px|30px|30px|true|true\" hover_enabled=\"0\" sticky_enabled=\"0\"][et_pb_blurb _builder_version=\"4.18.0\" _module_preset=\"default\" title=\"Gesch\u00e4ftsprozesse\" use_icon=\"on\" font_icon=\"}||divi||400\" header_level=\"h3\" hover_enabled=\"0\" sticky_enabled=\"0\" header_text_align=\"center\"][\/et_pb_blurb][\/et_pb_column][et_pb_column _builder_version=\"4.18.0\" _module_preset=\"default\" type=\"1_4\" background_color=\"#f7f7f7\" custom_padding=\"30px|30px|30px|30px|true|true\" hover_enabled=\"0\" sticky_enabled=\"0\"][et_pb_blurb _builder_version=\"4.18.0\" _module_preset=\"default\" title=\"Gesch\u00e4ftsprozesse\" use_icon=\"on\" font_icon=\"}||divi||400\" header_level=\"h3\" hover_enabled=\"0\" sticky_enabled=\"0\" header_text_align=\"center\"][\/et_pb_blurb][\/et_pb_column][et_pb_column _builder_version=\"4.18.0\" _module_preset=\"default\" type=\"1_4\" background_color=\"#f7f7f7\" custom_padding=\"30px|30px|30px|30px|true|true\" hover_enabled=\"0\" sticky_enabled=\"0\"][et_pb_blurb _builder_version=\"4.18.0\" _module_preset=\"default\" title=\"Gesch\u00e4ftsprozesse\" use_icon=\"on\" font_icon=\"}||divi||400\" header_level=\"h3\" hover_enabled=\"0\" sticky_enabled=\"0\" header_text_align=\"center\"][\/et_pb_blurb][\/et_pb_column][\/et_pb_row][\/et_pb_section]","_et_gb_content_width":"","footnotes":""},"class_list":["post-212","page","type-page","status-publish","has-post-thumbnail","hentry"],"yoast_head":"<!-- This site is optimized with the Yoast SEO plugin v27.4 - https:\/\/yoast.com\/product\/yoast-seo-wordpress\/ -->\n<title>Business processes - RIM Macho<\/title>\n<meta name=\"description\" content=\"Business-focused, integrated processes and IT solutions are the key to success. New business fields require ...\" \/>\n<meta name=\"robots\" content=\"index, follow, max-snippet:-1, max-image-preview:large, max-video-preview:-1\" \/>\n<link rel=\"canonical\" href=\"https:\/\/www.rim-macho.com\/en\/business-processes\/\" \/>\n<meta property=\"og:locale\" content=\"en_US\" \/>\n<meta property=\"og:type\" content=\"article\" \/>\n<meta property=\"og:title\" content=\"Business processes - RIM Macho\" \/>\n<meta property=\"og:description\" content=\"Business-focused, integrated processes and IT solutions are the key to success. New business fields require ...\" \/>\n<meta property=\"og:url\" content=\"https:\/\/www.rim-macho.com\/en\/business-processes\/\" \/>\n<meta property=\"og:site_name\" content=\"RIM Macho\" \/>\n<meta property=\"article:modified_time\" content=\"2022-10-28T14:05:45+00:00\" \/>\n<meta property=\"og:image\" content=\"https:\/\/www.rim-macho.com\/wp-content\/uploads\/2022\/10\/prozesse.png\" \/>\n\t<meta property=\"og:image:width\" content=\"829\" \/>\n\t<meta property=\"og:image:height\" content=\"600\" \/>\n\t<meta property=\"og:image:type\" content=\"image\/png\" \/>\n<meta name=\"twitter:card\" content=\"summary_large_image\" \/>\n<meta name=\"twitter:label1\" content=\"Est. reading time\" \/>\n\t<meta name=\"twitter:data1\" content=\"2 minutes\" \/>\n<script type=\"application\/ld+json\" class=\"yoast-schema-graph\">{\"@context\":\"https:\\\/\\\/schema.org\",\"@graph\":[{\"@type\":\"WebPage\",\"@id\":\"https:\\\/\\\/www.rim-macho.com\\\/en\\\/business-processes\\\/\",\"url\":\"https:\\\/\\\/www.rim-macho.com\\\/en\\\/business-processes\\\/\",\"name\":\"Business processes - RIM Macho\",\"isPartOf\":{\"@id\":\"https:\\\/\\\/www.rim-macho.com\\\/#website\"},\"primaryImageOfPage\":{\"@id\":\"https:\\\/\\\/www.rim-macho.com\\\/en\\\/business-processes\\\/#primaryimage\"},\"image\":{\"@id\":\"https:\\\/\\\/www.rim-macho.com\\\/en\\\/business-processes\\\/#primaryimage\"},\"thumbnailUrl\":\"https:\\\/\\\/www.rim-macho.com\\\/wp-content\\\/uploads\\\/2022\\\/10\\\/prozesse.png\",\"datePublished\":\"2022-10-26T15:02:00+00:00\",\"dateModified\":\"2022-10-28T14:05:45+00:00\",\"description\":\"Business-focused, integrated processes and IT solutions are the key to success. New business fields require ...\",\"breadcrumb\":{\"@id\":\"https:\\\/\\\/www.rim-macho.com\\\/en\\\/business-processes\\\/#breadcrumb\"},\"inLanguage\":\"en-US\",\"potentialAction\":[{\"@type\":\"ReadAction\",\"target\":[\"https:\\\/\\\/www.rim-macho.com\\\/en\\\/business-processes\\\/\"]}]},{\"@type\":\"ImageObject\",\"inLanguage\":\"en-US\",\"@id\":\"https:\\\/\\\/www.rim-macho.com\\\/en\\\/business-processes\\\/#primaryimage\",\"url\":\"https:\\\/\\\/www.rim-macho.com\\\/wp-content\\\/uploads\\\/2022\\\/10\\\/prozesse.png\",\"contentUrl\":\"https:\\\/\\\/www.rim-macho.com\\\/wp-content\\\/uploads\\\/2022\\\/10\\\/prozesse.png\",\"width\":829,\"height\":600},{\"@type\":\"BreadcrumbList\",\"@id\":\"https:\\\/\\\/www.rim-macho.com\\\/en\\\/business-processes\\\/#breadcrumb\",\"itemListElement\":[{\"@type\":\"ListItem\",\"position\":1,\"name\":\"Startseite\",\"item\":\"https:\\\/\\\/www.rim-macho.com\\\/en\\\/\"},{\"@type\":\"ListItem\",\"position\":2,\"name\":\"Business processes\"}]},{\"@type\":\"WebSite\",\"@id\":\"https:\\\/\\\/www.rim-macho.com\\\/#website\",\"url\":\"https:\\\/\\\/www.rim-macho.com\\\/\",\"name\":\"RIM Macho\",\"description\":\"IT-Strategien f\u00fcr ihr Unternehmen\",\"potentialAction\":[{\"@type\":\"SearchAction\",\"target\":{\"@type\":\"EntryPoint\",\"urlTemplate\":\"https:\\\/\\\/www.rim-macho.com\\\/?s={search_term_string}\"},\"query-input\":{\"@type\":\"PropertyValueSpecification\",\"valueRequired\":true,\"valueName\":\"search_term_string\"}}],\"inLanguage\":\"en-US\"}]}<\/script>\n<!-- \/ Yoast SEO plugin. -->","yoast_head_json":{"title":"Business processes - RIM Macho","description":"Business-focused, integrated processes and IT solutions are the key to success. New business fields require ...","robots":{"index":"index","follow":"follow","max-snippet":"max-snippet:-1","max-image-preview":"max-image-preview:large","max-video-preview":"max-video-preview:-1"},"canonical":"https:\/\/www.rim-macho.com\/en\/business-processes\/","og_locale":"en_US","og_type":"article","og_title":"Business processes - RIM Macho","og_description":"Business-focused, integrated processes and IT solutions are the key to success. New business fields require ...","og_url":"https:\/\/www.rim-macho.com\/en\/business-processes\/","og_site_name":"RIM Macho","article_modified_time":"2022-10-28T14:05:45+00:00","og_image":[{"width":829,"height":600,"url":"https:\/\/www.rim-macho.com\/wp-content\/uploads\/2022\/10\/prozesse.png","type":"image\/png"}],"twitter_card":"summary_large_image","twitter_misc":{"Est. reading time":"2 minutes"},"schema":{"@context":"https:\/\/schema.org","@graph":[{"@type":"WebPage","@id":"https:\/\/www.rim-macho.com\/en\/business-processes\/","url":"https:\/\/www.rim-macho.com\/en\/business-processes\/","name":"Business processes - RIM Macho","isPartOf":{"@id":"https:\/\/www.rim-macho.com\/#website"},"primaryImageOfPage":{"@id":"https:\/\/www.rim-macho.com\/en\/business-processes\/#primaryimage"},"image":{"@id":"https:\/\/www.rim-macho.com\/en\/business-processes\/#primaryimage"},"thumbnailUrl":"https:\/\/www.rim-macho.com\/wp-content\/uploads\/2022\/10\/prozesse.png","datePublished":"2022-10-26T15:02:00+00:00","dateModified":"2022-10-28T14:05:45+00:00","description":"Business-focused, integrated processes and IT solutions are the key to success. New business fields require ...","breadcrumb":{"@id":"https:\/\/www.rim-macho.com\/en\/business-processes\/#breadcrumb"},"inLanguage":"en-US","potentialAction":[{"@type":"ReadAction","target":["https:\/\/www.rim-macho.com\/en\/business-processes\/"]}]},{"@type":"ImageObject","inLanguage":"en-US","@id":"https:\/\/www.rim-macho.com\/en\/business-processes\/#primaryimage","url":"https:\/\/www.rim-macho.com\/wp-content\/uploads\/2022\/10\/prozesse.png","contentUrl":"https:\/\/www.rim-macho.com\/wp-content\/uploads\/2022\/10\/prozesse.png","width":829,"height":600},{"@type":"BreadcrumbList","@id":"https:\/\/www.rim-macho.com\/en\/business-processes\/#breadcrumb","itemListElement":[{"@type":"ListItem","position":1,"name":"Startseite","item":"https:\/\/www.rim-macho.com\/en\/"},{"@type":"ListItem","position":2,"name":"Business processes"}]},{"@type":"WebSite","@id":"https:\/\/www.rim-macho.com\/#website","url":"https:\/\/www.rim-macho.com\/","name":"RIM Macho","description":"IT-Strategien f\u00fcr ihr Unternehmen","potentialAction":[{"@type":"SearchAction","target":{"@type":"EntryPoint","urlTemplate":"https:\/\/www.rim-macho.com\/?s={search_term_string}"},"query-input":{"@type":"PropertyValueSpecification","valueRequired":true,"valueName":"search_term_string"}}],"inLanguage":"en-US"}]}},"_links":{"self":[{"href":"https:\/\/www.rim-macho.com\/en\/wp-json\/wp\/v2\/pages\/212","targetHints":{"allow":["GET"]}}],"collection":[{"href":"https:\/\/www.rim-macho.com\/en\/wp-json\/wp\/v2\/pages"}],"about":[{"href":"https:\/\/www.rim-macho.com\/en\/wp-json\/wp\/v2\/types\/page"}],"author":[{"embeddable":true,"href":"https:\/\/www.rim-macho.com\/en\/wp-json\/wp\/v2\/users\/1"}],"replies":[{"embeddable":true,"href":"https:\/\/www.rim-macho.com\/en\/wp-json\/wp\/v2\/comments?post=212"}],"version-history":[{"count":5,"href":"https:\/\/www.rim-macho.com\/en\/wp-json\/wp\/v2\/pages\/212\/revisions"}],"predecessor-version":[{"id":423,"href":"https:\/\/www.rim-macho.com\/en\/wp-json\/wp\/v2\/pages\/212\/revisions\/423"}],"wp:featuredmedia":[{"embeddable":true,"href":"https:\/\/www.rim-macho.com\/en\/wp-json\/wp\/v2\/media\/198"}],"wp:attachment":[{"href":"https:\/\/www.rim-macho.com\/en\/wp-json\/wp\/v2\/media?parent=212"}],"curies":[{"name":"wp","href":"https:\/\/api.w.org\/{rel}","templated":true}]}}