{"id":201,"date":"2022-10-26T16:09:21","date_gmt":"2022-10-26T14:09:21","guid":{"rendered":"https:\/\/www.rim-macho.com\/landingpage\/"},"modified":"2022-10-28T16:11:36","modified_gmt":"2022-10-28T14:11:36","slug":"landingpage","status":"publish","type":"page","link":"https:\/\/www.rim-macho.com\/en\/","title":{"rendered":"Landingpage"},"content":{"rendered":"<p>[et_pb_section fb_built=&#8221;1&#8243; custom_padding_last_edited=&#8221;on|phone&#8221; _builder_version=&#8221;4.18.0&#8243; _module_preset=&#8221;default&#8221; background_image=&#8221;https:\/\/www.rim-macho.com\/wp-content\/uploads\/2022\/10\/bg_home.jpg&#8221; custom_padding=&#8221;20vh||20vh||true|false&#8221; custom_padding_tablet=&#8221;20vh||20vh||true|false&#8221; custom_padding_phone=&#8221;15vh||15vh||false|false&#8221; global_colors_info=&#8221;{}&#8221;][et_pb_row _builder_version=&#8221;4.18.0&#8243; _module_preset=&#8221;default&#8221; global_colors_info=&#8221;{}&#8221;][et_pb_column type=&#8221;4_4&#8243; _builder_version=&#8221;4.18.0&#8243; _module_preset=&#8221;default&#8221; global_colors_info=&#8221;{}&#8221;][et_pb_blurb title=&#8221;Retail IT Management&#8221; image=&#8221;https:\/\/www.rim-macho.com\/wp-content\/uploads\/2022\/10\/headline.png&#8221; icon_placement=&#8221;left&#8221; image_icon_width=&#8221;100px&#8221; content_max_width=&#8221;100%&#8221; image_icon_width_tablet=&#8221;55px&#8221; image_icon_width_phone=&#8221;35px&#8221; image_icon_width_last_edited=&#8221;on|phone&#8221; _builder_version=&#8221;4.18.0&#8243; _module_preset=&#8221;default&#8221; header_level=&#8221;h1&#8243; header_text_align=&#8221;left&#8221; header_font_size=&#8221;60px&#8221; header_line_height=&#8221;1.1em&#8221; module_alignment=&#8221;center&#8221; header_font_size_tablet=&#8221;40px&#8221; header_font_size_phone=&#8221;25px&#8221; header_font_size_last_edited=&#8221;on|desktop&#8221; global_colors_info=&#8221;{}&#8221;][\/et_pb_blurb][\/et_pb_column][\/et_pb_row][\/et_pb_section][et_pb_section fb_built=&#8221;1&#8243; _builder_version=&#8221;4.16&#8243; global_colors_info=&#8221;{}&#8221;][et_pb_row _builder_version=&#8221;4.16&#8243; background_size=&#8221;initial&#8221; background_position=&#8221;top_left&#8221; background_repeat=&#8221;repeat&#8221; global_colors_info=&#8221;{}&#8221;][et_pb_column type=&#8221;4_4&#8243; _builder_version=&#8221;4.16&#8243; custom_padding=&#8221;|||&#8221; global_colors_info=&#8221;{}&#8221; custom_padding__hover=&#8221;|||&#8221;][et_pb_text _builder_version=&#8221;4.18.0&#8243; background_size=&#8221;initial&#8221; background_position=&#8221;top_left&#8221; background_repeat=&#8221;repeat&#8221; text_orientation=&#8221;center&#8221; global_colors_info=&#8221;{}&#8221;]<\/p>\n<h2>Technology strategies for companies<\/h2>\n<p>[\/et_pb_text][\/et_pb_column][\/et_pb_row][et_pb_row column_structure=&#8221;1_2,1_2&#8243; _builder_version=&#8221;4.18.0&#8243; background_size=&#8221;initial&#8221; background_position=&#8221;top_left&#8221; background_repeat=&#8221;repeat&#8221; global_colors_info=&#8221;{}&#8221;][et_pb_column type=&#8221;1_2&#8243; _builder_version=&#8221;4.16&#8243; custom_padding=&#8221;|||&#8221; global_colors_info=&#8221;{}&#8221; custom_padding__hover=&#8221;|||&#8221;][et_pb_text _builder_version=&#8221;4.18.0&#8243; background_size=&#8221;initial&#8221; background_position=&#8221;top_left&#8221; background_repeat=&#8221;repeat&#8221; global_colors_info=&#8221;{}&#8221;]Retail is changing! Social changes and technical innovations present increasingly stronger challenges to the retail trade.<\/p>\n<p>Years of digitisation are leading to a fundamental process of structural change in retail. All business areas are affected, as are the relationships with suppliers and customers.<\/p>\n<p>Only comprehensive, integrated IT solutions guarantee that companies are equipped for the future.[\/et_pb_text][\/et_pb_column][et_pb_column type=&#8221;1_2&#8243; _builder_version=&#8221;4.16&#8243; custom_padding=&#8221;|||&#8221; global_colors_info=&#8221;{}&#8221; custom_padding__hover=&#8221;|||&#8221;][et_pb_text _builder_version=&#8221;4.18.0&#8243; _module_preset=&#8221;default&#8221; global_colors_info=&#8221;{}&#8221;]This digital transformation means new challenges for companies. These challenges cannot be mastered with conventional waterfall methods of project management, rigid processes and hierarchies.<\/p>\n<p>Agile development, speed and marathon IT, digital labs \u2013 these aspects have to be considered in restructuring company internal IT organisations.<\/p>\n<p>Employees and management must be prepared for digitisation (change management and personnel development).[\/et_pb_text][\/et_pb_column][\/et_pb_row][et_pb_row column_structure=&#8221;1_4,1_4,1_4,1_4&#8243; _builder_version=&#8221;4.18.0&#8243; _module_preset=&#8221;default&#8221; global_colors_info=&#8221;{}&#8221;][et_pb_column type=&#8221;1_4&#8243; _builder_version=&#8221;4.18.0&#8243; _module_preset=&#8221;default&#8221; background_color=&#8221;#f7f7f7&#8243; custom_padding=&#8221;30px|30px|30px|30px|true|true&#8221; global_colors_info=&#8221;{}&#8221;][et_pb_blurb title=&#8221;Business processes&#8221; use_icon=&#8221;on&#8221; font_icon=&#8221;&#x7d;||divi||400&#8243; image_icon_width=&#8221;55px&#8221; _builder_version=&#8221;4.18.0&#8243; _module_preset=&#8221;default&#8221; header_level=&#8221;h3&#8243; header_text_align=&#8221;center&#8221; hover_enabled=&#8221;0&#8243; global_colors_info=&#8221;{}&#8221; link_option_url=&#8221;https:\/\/www.rim-macho.com\/en\/business-processes\/&#8221; sticky_enabled=&#8221;0&#8243;][\/et_pb_blurb][\/et_pb_column][et_pb_column type=&#8221;1_4&#8243; _builder_version=&#8221;4.18.0&#8243; _module_preset=&#8221;default&#8221; background_color=&#8221;#f7f7f7&#8243; custom_padding=&#8221;30px|30px|30px|30px|true|true&#8221; global_colors_info=&#8221;{}&#8221;][et_pb_blurb title=&#8221;New technologies&#8221; use_icon=&#8221;on&#8221; font_icon=&#8221;&#xe004;||divi||400&#8243; image_icon_width=&#8221;55px&#8221; _builder_version=&#8221;4.18.0&#8243; _module_preset=&#8221;default&#8221; header_level=&#8221;h3&#8243; header_text_align=&#8221;center&#8221; hover_enabled=&#8221;0&#8243; global_colors_info=&#8221;{}&#8221; link_option_url=&#8221;https:\/\/www.rim-macho.com\/en\/new-technologies\/&#8221; sticky_enabled=&#8221;0&#8243;][\/et_pb_blurb][\/et_pb_column][et_pb_column type=&#8221;1_4&#8243; _builder_version=&#8221;4.18.0&#8243; _module_preset=&#8221;default&#8221; background_color=&#8221;#f7f7f7&#8243; custom_padding=&#8221;30px|30px|30px|30px|true|true&#8221; global_colors_info=&#8221;{}&#8221;][et_pb_blurb title=&#8221;IT organisation&#8221; use_icon=&#8221;on&#8221; font_icon=&#8221;&#xe109;||divi||400&#8243; image_icon_width=&#8221;55px&#8221; _builder_version=&#8221;4.18.0&#8243; _module_preset=&#8221;default&#8221; header_level=&#8221;h3&#8243; header_text_align=&#8221;center&#8221; hover_enabled=&#8221;0&#8243; global_colors_info=&#8221;{}&#8221; link_option_url=&#8221;https:\/\/www.rim-macho.com\/en\/it-organisations\/&#8221; sticky_enabled=&#8221;0&#8243;][\/et_pb_blurb][\/et_pb_column][et_pb_column type=&#8221;1_4&#8243; _builder_version=&#8221;4.18.0&#8243; _module_preset=&#8221;default&#8221; background_color=&#8221;#f7f7f7&#8243; custom_padding=&#8221;30px|30px|30px|30px|true|true&#8221; global_colors_info=&#8221;{}&#8221;][et_pb_blurb title=&#8221;Coaching&#8221; use_icon=&#8221;on&#8221; font_icon=&#8221;&#xe0e9;||divi||400&#8243; image_icon_width=&#8221;55px&#8221; _builder_version=&#8221;4.18.0&#8243; _module_preset=&#8221;default&#8221; header_level=&#8221;h3&#8243; header_text_align=&#8221;center&#8221; hover_enabled=&#8221;0&#8243; global_colors_info=&#8221;{}&#8221; link_option_url=&#8221;https:\/\/www.rim-macho.com\/en\/coaching\/&#8221; sticky_enabled=&#8221;0&#8243;][\/et_pb_blurb][\/et_pb_column][\/et_pb_row][\/et_pb_section]<\/p>\n","protected":false},"excerpt":{"rendered":"<p>Technology strategies for companiesRetail is changing! Social changes and technical innovations present increasingly stronger challenges to the retail trade. Years of digitisation are leading to a fundamental process of structural change in retail. All business areas are affected, as are the relationships with suppliers and customers. Only comprehensive, integrated IT solutions guarantee that companies are [&hellip;]<\/p>\n","protected":false},"author":1,"featured_media":191,"parent":0,"menu_order":0,"comment_status":"closed","ping_status":"closed","template":"","meta":{"_et_pb_use_builder":"on","_et_pb_old_content":"<!-- wp:paragraph -->\n<p>Dies ist eine Beispiel-Seite. Sie unterscheidet sich von Beitr\u00e4gen, da sie stets an derselben Stelle bleibt und (bei den meisten Themes) in der Website-Navigation angezeigt wird. Die meisten starten mit einem Impressum, der Datenschutzerkl\u00e4rung oder einer \u201e\u00dcber&nbsp;uns\u201c-Seite, um sich potenziellen Besuchern der Website vorzustellen. Dort k\u00f6nnte zum Beispiel stehen:<\/p>\n<!-- \/wp:paragraph -->\n\n<!-- wp:quote -->\n<blockquote class=\"wp-block-quote\"><p>Hallo! Tags\u00fcber arbeite ich als Fahrradkurier, nachts bin ich ein aufstrebender Schauspieler und dies hier ist meine Website. Ich lebe in Berlin, habe einen gro\u00dfen Hund namens Jack, mag Pi\u00f1a Coladas, jedoch weniger (ohne Schirm) im Regen stehen gelassen zu werden.<\/p><\/blockquote>\n<!-- \/wp:quote -->\n\n<!-- wp:paragraph -->\n<p>...&nbsp;oder so etwas wie:<\/p>\n<!-- \/wp:paragraph -->\n\n<!-- wp:quote -->\n<blockquote class=\"wp-block-quote\"><p>Das Unternehmen XYZ wurde 1971 gegr\u00fcndet und versorgt die \u00d6ffentlichkeit seither mit qualitativ hochwertigen Produkten. An seinem Standort in einer kleinen Gro\u00dfstadt besch\u00e4ftigt der Betrieb \u00fcber 2.000 Menschen und unterst\u00fctzt die Stadtbewohner in vielfacher Hinsicht.<\/p><\/blockquote>\n<!-- \/wp:quote -->\n\n<!-- wp:paragraph -->\n<p>Als neuer WordPress-Benutzer solltest du <a href=\"https:\/\/www.rim-macho.com\/wp-admin\/\">dein Dashboard<\/a> aufrufen, um diese Seite zu l\u00f6schen und neue Seiten und Beitr\u00e4ge f\u00fcr deine Website erstellen. Viel Spa\u00df!<\/p>\n<!-- \/wp:paragraph -->","_et_gb_content_width":"","footnotes":""},"class_list":["post-201","page","type-page","status-publish","has-post-thumbnail","hentry"],"yoast_head":"<!-- This site is optimized with the Yoast SEO plugin v27.3 - https:\/\/yoast.com\/product\/yoast-seo-wordpress\/ -->\n<title>Technology strategies for companies - RIM Macho<\/title>\n<meta name=\"description\" content=\"Retail is changing! Social changes and technical innovations present increasingly stronger challenges to the retail trade.\" \/>\n<meta name=\"robots\" content=\"index, follow, max-snippet:-1, max-image-preview:large, max-video-preview:-1\" \/>\n<link rel=\"canonical\" href=\"https:\/\/www.rim-macho.com\/en\/\" \/>\n<meta property=\"og:locale\" content=\"en_US\" \/>\n<meta property=\"og:type\" content=\"article\" \/>\n<meta property=\"og:title\" content=\"Technology strategies for companies - RIM Macho\" \/>\n<meta property=\"og:description\" content=\"Retail is changing! Social changes and technical innovations present increasingly stronger challenges to the retail trade.\" \/>\n<meta property=\"og:url\" content=\"https:\/\/www.rim-macho.com\/en\/\" \/>\n<meta property=\"og:site_name\" content=\"RIM Macho\" \/>\n<meta property=\"article:modified_time\" content=\"2022-10-28T14:11:36+00:00\" \/>\n<meta property=\"og:image\" content=\"https:\/\/www.rim-macho.com\/wp-content\/uploads\/2022\/10\/bg_home.jpg\" \/>\n\t<meta property=\"og:image:width\" content=\"1800\" \/>\n\t<meta property=\"og:image:height\" content=\"564\" \/>\n\t<meta property=\"og:image:type\" content=\"image\/jpeg\" \/>\n<meta name=\"twitter:card\" content=\"summary_large_image\" \/>\n<meta name=\"twitter:label1\" content=\"Est. reading time\" \/>\n\t<meta name=\"twitter:data1\" content=\"2 minutes\" \/>\n<script type=\"application\/ld+json\" class=\"yoast-schema-graph\">{\"@context\":\"https:\\\/\\\/schema.org\",\"@graph\":[{\"@type\":\"WebPage\",\"@id\":\"https:\\\/\\\/www.rim-macho.com\\\/en\\\/\",\"url\":\"https:\\\/\\\/www.rim-macho.com\\\/en\\\/\",\"name\":\"Technology strategies for companies - RIM Macho\",\"isPartOf\":{\"@id\":\"https:\\\/\\\/www.rim-macho.com\\\/#website\"},\"primaryImageOfPage\":{\"@id\":\"https:\\\/\\\/www.rim-macho.com\\\/en\\\/#primaryimage\"},\"image\":{\"@id\":\"https:\\\/\\\/www.rim-macho.com\\\/en\\\/#primaryimage\"},\"thumbnailUrl\":\"https:\\\/\\\/www.rim-macho.com\\\/wp-content\\\/uploads\\\/2022\\\/10\\\/bg_home.jpg\",\"datePublished\":\"2022-10-26T14:09:21+00:00\",\"dateModified\":\"2022-10-28T14:11:36+00:00\",\"description\":\"Retail is changing! Social changes and technical innovations present increasingly stronger challenges to the retail trade.\",\"breadcrumb\":{\"@id\":\"https:\\\/\\\/www.rim-macho.com\\\/en\\\/#breadcrumb\"},\"inLanguage\":\"en-US\",\"potentialAction\":[{\"@type\":\"ReadAction\",\"target\":[\"https:\\\/\\\/www.rim-macho.com\\\/en\\\/\"]}]},{\"@type\":\"ImageObject\",\"inLanguage\":\"en-US\",\"@id\":\"https:\\\/\\\/www.rim-macho.com\\\/en\\\/#primaryimage\",\"url\":\"https:\\\/\\\/www.rim-macho.com\\\/wp-content\\\/uploads\\\/2022\\\/10\\\/bg_home.jpg\",\"contentUrl\":\"https:\\\/\\\/www.rim-macho.com\\\/wp-content\\\/uploads\\\/2022\\\/10\\\/bg_home.jpg\",\"width\":1800,\"height\":564},{\"@type\":\"BreadcrumbList\",\"@id\":\"https:\\\/\\\/www.rim-macho.com\\\/en\\\/#breadcrumb\",\"itemListElement\":[{\"@type\":\"ListItem\",\"position\":1,\"name\":\"Startseite\",\"item\":\"https:\\\/\\\/www.rim-macho.com\\\/en\\\/\"},{\"@type\":\"ListItem\",\"position\":2,\"name\":\"Landingpage\"}]},{\"@type\":\"WebSite\",\"@id\":\"https:\\\/\\\/www.rim-macho.com\\\/#website\",\"url\":\"https:\\\/\\\/www.rim-macho.com\\\/\",\"name\":\"RIM Macho\",\"description\":\"IT-Strategien f\u00fcr ihr Unternehmen\",\"potentialAction\":[{\"@type\":\"SearchAction\",\"target\":{\"@type\":\"EntryPoint\",\"urlTemplate\":\"https:\\\/\\\/www.rim-macho.com\\\/?s={search_term_string}\"},\"query-input\":{\"@type\":\"PropertyValueSpecification\",\"valueRequired\":true,\"valueName\":\"search_term_string\"}}],\"inLanguage\":\"en-US\"}]}<\/script>\n<!-- \/ Yoast SEO plugin. -->","yoast_head_json":{"title":"Technology strategies for companies - RIM Macho","description":"Retail is changing! Social changes and technical innovations present increasingly stronger challenges to the retail trade.","robots":{"index":"index","follow":"follow","max-snippet":"max-snippet:-1","max-image-preview":"max-image-preview:large","max-video-preview":"max-video-preview:-1"},"canonical":"https:\/\/www.rim-macho.com\/en\/","og_locale":"en_US","og_type":"article","og_title":"Technology strategies for companies - RIM Macho","og_description":"Retail is changing! Social changes and technical innovations present increasingly stronger challenges to the retail trade.","og_url":"https:\/\/www.rim-macho.com\/en\/","og_site_name":"RIM Macho","article_modified_time":"2022-10-28T14:11:36+00:00","og_image":[{"width":1800,"height":564,"url":"https:\/\/www.rim-macho.com\/wp-content\/uploads\/2022\/10\/bg_home.jpg","type":"image\/jpeg"}],"twitter_card":"summary_large_image","twitter_misc":{"Est. reading time":"2 minutes"},"schema":{"@context":"https:\/\/schema.org","@graph":[{"@type":"WebPage","@id":"https:\/\/www.rim-macho.com\/en\/","url":"https:\/\/www.rim-macho.com\/en\/","name":"Technology strategies for companies - RIM Macho","isPartOf":{"@id":"https:\/\/www.rim-macho.com\/#website"},"primaryImageOfPage":{"@id":"https:\/\/www.rim-macho.com\/en\/#primaryimage"},"image":{"@id":"https:\/\/www.rim-macho.com\/en\/#primaryimage"},"thumbnailUrl":"https:\/\/www.rim-macho.com\/wp-content\/uploads\/2022\/10\/bg_home.jpg","datePublished":"2022-10-26T14:09:21+00:00","dateModified":"2022-10-28T14:11:36+00:00","description":"Retail is changing! Social changes and technical innovations present increasingly stronger challenges to the retail trade.","breadcrumb":{"@id":"https:\/\/www.rim-macho.com\/en\/#breadcrumb"},"inLanguage":"en-US","potentialAction":[{"@type":"ReadAction","target":["https:\/\/www.rim-macho.com\/en\/"]}]},{"@type":"ImageObject","inLanguage":"en-US","@id":"https:\/\/www.rim-macho.com\/en\/#primaryimage","url":"https:\/\/www.rim-macho.com\/wp-content\/uploads\/2022\/10\/bg_home.jpg","contentUrl":"https:\/\/www.rim-macho.com\/wp-content\/uploads\/2022\/10\/bg_home.jpg","width":1800,"height":564},{"@type":"BreadcrumbList","@id":"https:\/\/www.rim-macho.com\/en\/#breadcrumb","itemListElement":[{"@type":"ListItem","position":1,"name":"Startseite","item":"https:\/\/www.rim-macho.com\/en\/"},{"@type":"ListItem","position":2,"name":"Landingpage"}]},{"@type":"WebSite","@id":"https:\/\/www.rim-macho.com\/#website","url":"https:\/\/www.rim-macho.com\/","name":"RIM Macho","description":"IT-Strategien f\u00fcr ihr Unternehmen","potentialAction":[{"@type":"SearchAction","target":{"@type":"EntryPoint","urlTemplate":"https:\/\/www.rim-macho.com\/?s={search_term_string}"},"query-input":{"@type":"PropertyValueSpecification","valueRequired":true,"valueName":"search_term_string"}}],"inLanguage":"en-US"}]}},"_links":{"self":[{"href":"https:\/\/www.rim-macho.com\/en\/wp-json\/wp\/v2\/pages\/201","targetHints":{"allow":["GET"]}}],"collection":[{"href":"https:\/\/www.rim-macho.com\/en\/wp-json\/wp\/v2\/pages"}],"about":[{"href":"https:\/\/www.rim-macho.com\/en\/wp-json\/wp\/v2\/types\/page"}],"author":[{"embeddable":true,"href":"https:\/\/www.rim-macho.com\/en\/wp-json\/wp\/v2\/users\/1"}],"replies":[{"embeddable":true,"href":"https:\/\/www.rim-macho.com\/en\/wp-json\/wp\/v2\/comments?post=201"}],"version-history":[{"count":6,"href":"https:\/\/www.rim-macho.com\/en\/wp-json\/wp\/v2\/pages\/201\/revisions"}],"predecessor-version":[{"id":435,"href":"https:\/\/www.rim-macho.com\/en\/wp-json\/wp\/v2\/pages\/201\/revisions\/435"}],"wp:featuredmedia":[{"embeddable":true,"href":"https:\/\/www.rim-macho.com\/en\/wp-json\/wp\/v2\/media\/191"}],"wp:attachment":[{"href":"https:\/\/www.rim-macho.com\/en\/wp-json\/wp\/v2\/media?parent=201"}],"curies":[{"name":"wp","href":"https:\/\/api.w.org\/{rel}","templated":true}]}}